{"id":730,"date":"2024-07-25T13:13:58","date_gmt":"2024-07-25T10:13:58","guid":{"rendered":"https:\/\/texus.fi\/?post_type=product&#038;p=730"},"modified":"2025-03-05T14:21:34","modified_gmt":"2025-03-05T11:21:34","slug":"kontron-solar-coolcept-flex-2-mpp-tracker","status":"publish","type":"product","link":"https:\/\/texus.fi\/fi\/kontron-solar-coolcept-flex-2-mpp-tracker\/","title":{"rendered":"Steca &#8211; coolcept fleX | 2 MPP-seurantalaite"},"content":{"rendered":"<p><span data-sheets-root=\"1\">Yksivaiheinen vaihtosuuntaaja, jossa on kaksi MPP-seurantalaitetta<\/span><\/p>\n<h3><span data-sheets-root=\"1\">Hyv\u00e4ksi todettu tekniikka &#8211; entist\u00e4kin joustavampi<\/span><\/h3>\n<p><span data-sheets-root=\"1\">Kontron Solar GmbH esittelee coolcept fleX:n my\u00f6t\u00e4 hyv\u00e4ksi havaitun Steca coolcept -topologian seuraavan sukupolven. Coolcept fleX tarjoaa luovan energiakonseptin jokaiseen moderniin kotiin.<\/span><\/p>\n<p><span data-sheets-root=\"1\">Mik\u00e4 on coolcept fleX?<\/span><br \/>\n<span data-sheets-root=\"1\">Upouusi elektroniikka-alusta toimii seuraavan sukupolven aurinkoelektroniikan teknologisena ytimen\u00e4, jossa yhdistyv\u00e4t aurinkos\u00e4hk\u00f6st\u00e4 tuotettu s\u00e4hk\u00f6, kuormanhallinta ja jopa s\u00e4hk\u00f6inen liikkuvuus. Vaikka coolcept-fleX-alusta on avoin tulevaa k\u00e4ytt\u00f6\u00e4 ajatellen, se on edelleen toteutettu yhdelle piirilevylle. T\u00e4m\u00e4 tarkoittaa, ett\u00e4 nyt on mahdollista k\u00e4ytt\u00e4\u00e4 samaa laitetta hyvin erilaisiin sovelluksiin.<\/span><\/p>\n<p><span data-sheets-root=\"1\">coolcept fleX invertterit<\/span><br \/>\n<span data-sheets-root=\"1\">Coolcept fleX on Stecan uuden sukupolven invertterien ydin.<\/span><br \/>\n<span data-sheets-root=\"1\">Nimellistehoilla 1,5-5,0 kW saavutetaan tavanomaiset korkeat huipputehot.<\/span><br \/>\n<span data-sheets-root=\"1\">Coolcept fleX -taajuusmuuttajien k\u00e4yt\u00f6st\u00e4 saatavat edut<\/span><\/p>\n<p><span data-sheets-root=\"1\">coolcept fleX on joustava.<\/span><br \/>\n<span data-sheets-root=\"1\">Useiden MPP-seurantalaitteiden avulla voidaan k\u00e4sitell\u00e4 yksinkertaisia tai jopa monimutkaisia moduuliryhmi\u00e4.<\/span><\/p>\n<p><span data-sheets-root=\"1\">coolcept fleX on vankka ja mutkaton.<\/span><br \/>\n<span data-sheets-root=\"1\">Sis\u00e4- ja ulkoasennuksen mahdollistaa kest\u00e4v\u00e4 IP65-kotelo. Tuotevalikoima on silti yksi luokkansa kevyimmist\u00e4 ja helppo asentaa.<\/span><\/p>\n<p><span data-sheets-root=\"1\">coolcept fleX on tulevaisuudenkest\u00e4v\u00e4.<\/span><br \/>\n<span data-sheets-root=\"1\">Kontron Solar GmbH tarjoaa kokonaisvaltaisen konseptin energian tuotantoon, kulutukseen, varastointiin ja sy\u00f6tt\u00f6\u00f6n tulevaisuuden koteihin.<\/span><\/p>\n<h3><span data-sheets-root=\"1\">MAAILMANLAAJUINEN INNOVAATIO<\/span><\/h3>\n<p><span data-sheets-root=\"1\">Yksi kaikille<\/span><br \/>\n<span data-sheets-root=\"1\">T\u00e4m\u00e4 kokonaisratkaisu on hinnaltaan vertaansa vailla, tarjoaa toimintoja monenlaisiin sovelluksiin ja on jopa skaalautuva tehontarpeen suhteen: Tarvitsitpa sitten yht\u00e4 tai useampaa MPP-seurantalaitetta, korkea- tai matalaj\u00e4nnitevarastoa tai ratkaisua, jossa on tai ei ole varavirtal\u00e4hdett\u00e4 &#8211; kaikki on mahdollista. Jopa s\u00e4hk\u00f6auton lataaminen suoraan aurinkos\u00e4hk\u00f6generaattorista on jo harkittu ja valmisteltu. Uudet komponentit ja asetusvaihtoehdot mahdollistavat my\u00f6s k\u00e4yt\u00f6n useissa maissa.<\/span><\/p>\n<h3><span data-sheets-root=\"1\">Korkein hy\u00f6tysuhde mill\u00e4 tahansa sy\u00f6tt\u00f6j\u00e4nnitteell\u00e4 ja hyv\u00e4ksi todettu j\u00e4\u00e4hdytyskonsepti<\/span><\/h3>\n<p><span data-sheets-root=\"1\">Nykyaikaisen tehoelektroniikan topologian maksimaaliset hy\u00f6tysuhteet takaavat minimaaliset h\u00e4vi\u00f6t, mik\u00e4 takaa eritt\u00e4in pitk\u00e4n k\u00e4ytt\u00f6i\u00e4n eritt\u00e4in v\u00e4h\u00e4isen itsel\u00e4mmityksen ansiosta.<\/span><\/p>\n<p><strong>Tietolehti:<\/strong> <a href=\"https:\/\/texus.fi\/wp-content\/uploads\/2024\/07\/coolceptfleX_2MPP-TrackerproductdatasheetEN-1.pdf\">coolcept+fleX+_+2+MPP-Tracker+productdatasheet+EN<\/a><\/p>\n","protected":false},"excerpt":{"rendered":"<p>Yksivaiheinen vaihtosuuntaaja, jossa on kaksi MPP-seurantalaitetta Hyv\u00e4ksi todettu tekniikka &#8211; entist\u00e4kin joustavampi Kontron Solar GmbH esittelee coolcept fleX:n my\u00f6t\u00e4 hyv\u00e4ksi havaitun Steca coolcept -topologian seuraavan sukupolven. Coolcept fleX tarjoaa luovan energiakonseptin jokaiseen moderniin kotiin. Mik\u00e4 on coolcept fleX? Upouusi elektroniikka-alusta toimii seuraavan sukupolven aurinkoelektroniikan teknologisena ytimen\u00e4, jossa yhdistyv\u00e4t aurinkos\u00e4hk\u00f6st\u00e4 tuotettu s\u00e4hk\u00f6, kuormanhallinta ja jopa s\u00e4hk\u00f6inen [&hellip;]<\/p>\n","protected":false},"featured_media":731,"comment_status":"open","ping_status":"closed","template":"","meta":[],"product_brand":[],"product_cat":[41,15,43],"product_tag":[],"class_list":{"0":"post-730","1":"product","2":"type-product","3":"status-publish","4":"has-post-thumbnail","6":"product_cat-mpp-tracker","7":"product_cat-products","8":"product_cat-yksivaiheinen","9":"pa_brands-kontron","11":"first","12":"onbackorder","13":"taxable","14":"shipping-taxable","15":"product-type-simple"},"_links":{"self":[{"href":"https:\/\/texus.fi\/fi\/wp-json\/wp\/v2\/product\/730","targetHints":{"allow":["GET"]}}],"collection":[{"href":"https:\/\/texus.fi\/fi\/wp-json\/wp\/v2\/product"}],"about":[{"href":"https:\/\/texus.fi\/fi\/wp-json\/wp\/v2\/types\/product"}],"replies":[{"embeddable":true,"href":"https:\/\/texus.fi\/fi\/wp-json\/wp\/v2\/comments?post=730"}],"wp:featuredmedia":[{"embeddable":true,"href":"https:\/\/texus.fi\/fi\/wp-json\/wp\/v2\/media\/731"}],"wp:attachment":[{"href":"https:\/\/texus.fi\/fi\/wp-json\/wp\/v2\/media?parent=730"}],"wp:term":[{"taxonomy":"product_brand","embeddable":true,"href":"https:\/\/texus.fi\/fi\/wp-json\/wp\/v2\/product_brand?post=730"},{"taxonomy":"product_cat","embeddable":true,"href":"https:\/\/texus.fi\/fi\/wp-json\/wp\/v2\/product_cat?post=730"},{"taxonomy":"product_tag","embeddable":true,"href":"https:\/\/texus.fi\/fi\/wp-json\/wp\/v2\/product_tag?post=730"}],"curies":[{"name":"wp","href":"https:\/\/api.w.org\/{rel}","templated":true}]}}