{"id":748,"date":"2024-08-02T17:41:43","date_gmt":"2024-08-02T14:41:43","guid":{"rendered":"https:\/\/texus.fi\/?post_type=product&#038;p=748"},"modified":"2025-03-05T14:20:37","modified_gmt":"2025-03-05T11:20:37","slug":"oukitel-bp2000-solar-generator-2200w","status":"publish","type":"product","link":"https:\/\/texus.fi\/fi\/oukitel-bp2000-solar-generator-2200w\/","title":{"rendered":"OUKITEL &#8211; BP2000 aurinkogeneraattori 2200W"},"content":{"rendered":"<ul>\n<li><span data-sheets-root=\"1\"><strong>16384Wh Valtava kapasiteetti<\/strong> &#8211; Laajenna jopa 7 x B2000-laajennusakkuun (kukin 2048Wh).<\/span><\/li>\n<li><span data-sheets-root=\"1\"><strong>Max. AC1800W pikalataus<\/strong> &#8211; 0%:sta 80%:iin 1,5 tunnissa.<\/span><\/li>\n<li><span data-sheets-root=\"1\"><strong>2000W UPS &lt; 10ms<\/strong> &#8211; Tarjoa virtaa v\u00e4litt\u00f6m\u00e4sti, kun s\u00e4hk\u00f6katkoksia esiintyy<\/span><\/li>\n<li><span data-sheets-root=\"1\"><strong>PV1000W + AC1500W Dual Recharge<\/strong> &#8211; Lataus 80 %:iin vain 1 tunnissa.<\/span><\/li>\n<li><span data-sheets-root=\"1\"><strong>Kest\u00e4v\u00e4 LiFePO4-akku<\/strong> &#8211; yli 3 500 elinkaaria jopa 10 vuoden k\u00e4ytt\u00f6ik\u00e4<\/span><\/li>\n<li><span data-sheets-root=\"1\"><strong>6 lataustapaa<\/strong> &#8211; AC \/ aurinko \/ AC + aurinko \/ auto \/ generaattori \/ AC-sovitin<\/span><\/li>\n<\/ul>\n<p><strong>Ota yhteytt\u00e4 tilausta varten: sales@texus.fi<\/strong><\/p>\n<p><a href=\"https:\/\/texus.fi\/?attachment_id=766\" rel=\"attachment wp-att-766\"><img fetchpriority=\"high\" decoding=\"async\" class=\"aligncenter wp-image-766\" src=\"https:\/\/texus.fi\/wp-content\/uploads\/2024\/07\/BP2000-E_\u6b27\u7248\u9884\u70ed\u9875\uff08\u5ba2\u6237\uff09-scaled.jpg\" alt=\"\" width=\"678\" height=\"3733\" srcset=\"https:\/\/texus.fi\/wp-content\/uploads\/2024\/07\/BP2000-E_\u6b27\u7248\u9884\u70ed\u9875\uff08\u5ba2\u6237\uff09-186x1024.jpg 186w, https:\/\/texus.fi\/wp-content\/uploads\/2024\/07\/BP2000-E_\u6b27\u7248\u9884\u70ed\u9875\uff08\u5ba2\u6237\uff09-768x4230.jpg 768w, https:\/\/texus.fi\/wp-content\/uploads\/2024\/07\/BP2000-E_\u6b27\u7248\u9884\u70ed\u9875\uff08\u5ba2\u6237\uff09-279x1536.jpg 279w, https:\/\/texus.fi\/wp-content\/uploads\/2024\/07\/BP2000-E_\u6b27\u7248\u9884\u70ed\u9875\uff08\u5ba2\u6237\uff09-372x2048.jpg 372w, https:\/\/texus.fi\/wp-content\/uploads\/2024\/07\/BP2000-E_\u6b27\u7248\u9884\u70ed\u9875\uff08\u5ba2\u6237\uff09-2x12.jpg 2w, https:\/\/texus.fi\/wp-content\/uploads\/2024\/07\/BP2000-E_\u6b27\u7248\u9884\u70ed\u9875\uff08\u5ba2\u6237\uff09-600x3305.jpg 600w\" sizes=\"(max-width: 678px) 100vw, 678px\" \/><\/a><\/p>\n","protected":false},"excerpt":{"rendered":"<p>16384Wh Valtava kapasiteetti &#8211; Laajenna jopa 7 x B2000-laajennusakkuun (kukin 2048Wh). Max. AC1800W pikalataus &#8211; 0%:sta 80%:iin 1,5 tunnissa. 2000W UPS &lt; 10ms &#8211; Tarjoa virtaa v\u00e4litt\u00f6m\u00e4sti, kun s\u00e4hk\u00f6katkoksia esiintyy PV1000W + AC1500W Dual Recharge &#8211; Lataus 80 %:iin vain 1 tunnissa. Kest\u00e4v\u00e4 LiFePO4-akku &#8211; yli 3 500 elinkaaria jopa 10 vuoden k\u00e4ytt\u00f6ik\u00e4 6 lataustapaa [&hellip;]<\/p>\n","protected":false},"featured_media":3250,"comment_status":"open","ping_status":"closed","template":"","meta":[],"product_brand":[],"product_cat":[38,121,15,34],"product_tag":[],"class_list":{"0":"post-748","1":"product","2":"type-product","3":"status-publish","4":"has-post-thumbnail","6":"product_cat-kannettava-aurinkogeneraattori","7":"product_cat-muut-tuotteet","8":"product_cat-products","9":"product_cat-virta-asemat","10":"pa_brands-oikitel","12":"first","13":"onbackorder","14":"sale","15":"taxable","16":"shipping-taxable","17":"purchasable","18":"product-type-simple"},"_links":{"self":[{"href":"https:\/\/texus.fi\/fi\/wp-json\/wp\/v2\/product\/748","targetHints":{"allow":["GET"]}}],"collection":[{"href":"https:\/\/texus.fi\/fi\/wp-json\/wp\/v2\/product"}],"about":[{"href":"https:\/\/texus.fi\/fi\/wp-json\/wp\/v2\/types\/product"}],"replies":[{"embeddable":true,"href":"https:\/\/texus.fi\/fi\/wp-json\/wp\/v2\/comments?post=748"}],"wp:featuredmedia":[{"embeddable":true,"href":"https:\/\/texus.fi\/fi\/wp-json\/wp\/v2\/media\/3250"}],"wp:attachment":[{"href":"https:\/\/texus.fi\/fi\/wp-json\/wp\/v2\/media?parent=748"}],"wp:term":[{"taxonomy":"product_brand","embeddable":true,"href":"https:\/\/texus.fi\/fi\/wp-json\/wp\/v2\/product_brand?post=748"},{"taxonomy":"product_cat","embeddable":true,"href":"https:\/\/texus.fi\/fi\/wp-json\/wp\/v2\/product_cat?post=748"},{"taxonomy":"product_tag","embeddable":true,"href":"https:\/\/texus.fi\/fi\/wp-json\/wp\/v2\/product_tag?post=748"}],"curies":[{"name":"wp","href":"https:\/\/api.w.org\/{rel}","templated":true}]}}