{"id":768,"date":"2024-08-02T17:41:43","date_gmt":"2024-08-02T14:41:43","guid":{"rendered":"https:\/\/texus.fi\/?post_type=product&#038;p=768"},"modified":"2025-03-05T14:20:38","modified_gmt":"2025-03-05T11:20:38","slug":"oukitel-b2000-expansion-battery-2048wh","status":"publish","type":"product","link":"https:\/\/texus.fi\/fi\/oukitel-b2000-expansion-battery-2048wh\/","title":{"rendered":"OUKITEL &#8211; B2000-laajennusakku 2048Wh"},"content":{"rendered":"<ul class=\"list-bullet1\">\n<li class=\"ace-line ace-line old-record-id-Dr6qdAtBHoNfENxGCI8ciCk0n5e\" data-list=\"bullet\">Yhdist\u00e4 BP2000:n kanssa k\u00e4ytett\u00e4v\u00e4ksi<\/li>\n<li class=\"ace-line ace-line old-record-id-Dr6qdAtBHoNfENxGCI8ciCk0n5e\" data-list=\"bullet\"><span data-sheets-root=\"1\">2,048Wh LiFePO4-akku yli 3,500 k\u00e4ytt\u00f6jaksoa varten.<\/span><\/li>\n<li class=\"ace-line ace-line old-record-id-B9kedlfQwo1jg7xHjNacdAIwnQf\" data-list=\"bullet\"><span data-sheets-root=\"1\">Laajennusakku BP2000:lle<\/span><\/li>\n<li class=\"ace-line ace-line old-record-id-IDVrd5jj2oUZkKxByAWcTdSBnnh\" data-list=\"bullet\"><span data-sheets-root=\"1\">Itsen\u00e4inen kannettava voimalaitos<\/span><\/li>\n<li class=\"ace-line ace-line old-record-id-ZD8PdX68Gojr5UxEZCHcE7HGnSf\" data-list=\"bullet\"><span data-sheets-root=\"1\">100W USB-C, 12W USB-A, DC 12V\/10A savukkeensytytinportti, DC 48V\/15A -portti<\/span><\/li>\n<li class=\"ace-line ace-line old-record-id-ZD8PdX68Gojr5UxEZCHcE7HGnSf\" data-list=\"bullet\"><span data-sheets-root=\"1\">Huomautus: Sovitin on ostettava erikseen.<\/span><\/li>\n<\/ul>\n<p><strong>Ota yhteytt\u00e4 tilausta varten: sales@texus.fi<\/strong><\/p>\n<p><a href=\"https:\/\/texus.fi\/?attachment_id=769\" rel=\"attachment wp-att-769\"><img fetchpriority=\"high\" decoding=\"async\" class=\"aligncenter size-full wp-image-769\" src=\"https:\/\/texus.fi\/wp-content\/uploads\/2024\/07\/B2000-scaled.jpg\" alt=\"\" width=\"1118\" height=\"2560\" srcset=\"https:\/\/texus.fi\/wp-content\/uploads\/2024\/07\/B2000-scaled.jpg 839w, https:\/\/texus.fi\/wp-content\/uploads\/2024\/07\/B2000-scaled-600x1373.jpg 600w, https:\/\/texus.fi\/wp-content\/uploads\/2024\/07\/B2000-131x300.jpg 131w, https:\/\/texus.fi\/wp-content\/uploads\/2024\/07\/B2000-447x1024.jpg 447w, https:\/\/texus.fi\/wp-content\/uploads\/2024\/07\/B2000-768x1758.jpg 768w, https:\/\/texus.fi\/wp-content\/uploads\/2024\/07\/B2000-671x1536.jpg 671w, https:\/\/texus.fi\/wp-content\/uploads\/2024\/07\/B2000-895x2048.jpg 895w, https:\/\/texus.fi\/wp-content\/uploads\/2024\/07\/B2000-5x12.jpg 5w\" sizes=\"(max-width: 1118px) 100vw, 1118px\" \/><\/a><\/p>\n","protected":false},"excerpt":{"rendered":"<p>Yhdist\u00e4 BP2000:n kanssa k\u00e4ytett\u00e4v\u00e4ksi 2,048Wh LiFePO4-akku yli 3,500 k\u00e4ytt\u00f6jaksoa varten. Laajennusakku BP2000:lle Itsen\u00e4inen kannettava voimalaitos 100W USB-C, 12W USB-A, DC 12V\/10A savukkeensytytinportti, DC 48V\/15A -portti Huomautus: Sovitin on ostettava erikseen. Ota yhteytt\u00e4 tilausta varten: sales@texus.fi<\/p>\n","protected":false},"featured_media":3248,"comment_status":"open","ping_status":"closed","template":"","meta":[],"product_brand":[],"product_cat":[38,121,15,34],"product_tag":[],"class_list":{"0":"post-768","1":"product","2":"type-product","3":"status-publish","4":"has-post-thumbnail","6":"product_cat-kannettava-aurinkogeneraattori","7":"product_cat-muut-tuotteet","8":"product_cat-products","9":"product_cat-virta-asemat","10":"pa_brands-oikitel","12":"first","13":"onbackorder","14":"sale","15":"taxable","16":"shipping-taxable","17":"purchasable","18":"product-type-simple"},"_links":{"self":[{"href":"https:\/\/texus.fi\/fi\/wp-json\/wp\/v2\/product\/768","targetHints":{"allow":["GET"]}}],"collection":[{"href":"https:\/\/texus.fi\/fi\/wp-json\/wp\/v2\/product"}],"about":[{"href":"https:\/\/texus.fi\/fi\/wp-json\/wp\/v2\/types\/product"}],"replies":[{"embeddable":true,"href":"https:\/\/texus.fi\/fi\/wp-json\/wp\/v2\/comments?post=768"}],"wp:featuredmedia":[{"embeddable":true,"href":"https:\/\/texus.fi\/fi\/wp-json\/wp\/v2\/media\/3248"}],"wp:attachment":[{"href":"https:\/\/texus.fi\/fi\/wp-json\/wp\/v2\/media?parent=768"}],"wp:term":[{"taxonomy":"product_brand","embeddable":true,"href":"https:\/\/texus.fi\/fi\/wp-json\/wp\/v2\/product_brand?post=768"},{"taxonomy":"product_cat","embeddable":true,"href":"https:\/\/texus.fi\/fi\/wp-json\/wp\/v2\/product_cat?post=768"},{"taxonomy":"product_tag","embeddable":true,"href":"https:\/\/texus.fi\/fi\/wp-json\/wp\/v2\/product_tag?post=768"}],"curies":[{"name":"wp","href":"https:\/\/api.w.org\/{rel}","templated":true}]}}