{"id":782,"date":"2024-08-02T17:41:43","date_gmt":"2024-08-02T14:41:43","guid":{"rendered":"https:\/\/texus.fi\/?post_type=product&#038;p=782"},"modified":"2025-03-05T14:20:40","modified_gmt":"2025-03-05T11:20:40","slug":"oukitel-p1201-portable-power-station-1200w-960wh","status":"publish","type":"product","link":"https:\/\/texus.fi\/fi\/oukitel-p1201-portable-power-station-1200w-960wh\/","title":{"rendered":"OUKITEL &#8211; P1201 Kannettava virta-asema 1200W\/960Wh"},"content":{"rendered":"<ul>\n<li><span data-sheets-root=\"1\"><strong>960Wh kapasiteetti 1200W AC Pure Sine Wave -invertterill\u00e4<\/strong> 960Wh akkukapasiteetin ansiosta kannettava P1201-virta-asema voi aina tarjota luotettavan virtal\u00e4hteen kodin s\u00e4hk\u00f6katkoksia, retkeily\u00e4 ja matkailuautomatkoja varten. 1200W:n nimellisteho antaa virtaa useimpiin s\u00e4hk\u00f6laitteisiisi (j\u00e4\u00e4kaappi, kannettava tietokone, kahvinkeitin, s\u00e4hk\u00f6grilli jne. ).<\/span><\/li>\n<li><span data-sheets-root=\"1\"><strong>Eritt\u00e4in nopea lataus ja aurinkoenergial\u00e4hde<\/strong> P1201 latautuu 0-80 %:sta 1,5 tunnissa pistorasiasta. P1201:n maksimiteho on 500 W, ja se voidaan ladata aurinkopaneeleilla (12-48 V\/15 A) noin 2-3 tunnissa.<\/span><\/li>\n<li><span data-sheets-root=\"1\"><strong>Pienikokoinen ja kannettava<\/strong> Kevyt ja kompakti koko tarjoaa hyv\u00e4n siirrett\u00e4vyyden ja kaksi kokoontaitettavaa kahvaa helppoon kuljetukseen matkalla.<\/span><\/li>\n<li><span data-sheets-root=\"1\"><strong>Turvallisuus ja pitk\u00e4ik\u00e4isyys<\/strong> BMS voi suojata P1201:t\u00e4 ylivaraukselta, ylipurkaukselta, ylij\u00e4nnitteelt\u00e4, oikosululta, korkealta l\u00e4mp\u00f6tilalta ja muulta. P1201 toimii LiFePO4-akuilla, joita voidaan k\u00e4ytt\u00e4\u00e4 jopa 3500 kertaa (80 % alkuper\u00e4isest\u00e4 kapasiteetista).<\/span><\/li>\n<li><span data-sheets-root=\"1\"><strong>UPS<\/strong> Alle 10 ms:n kytkeytyminen UPS (Uninterruptible Power Supply) -ominaisuuden avulla voit sy\u00f6tt\u00e4\u00e4 virtaa t\u00e4rkeille s\u00e4hk\u00f6laitteille (tietokone, CAPA, j\u00e4\u00e4kaappi jne.) ilman, ett\u00e4 \u00e4killinen s\u00e4hk\u00f6katkos vahingoittaa niit\u00e4.<\/span><\/li>\n<\/ul>\n<p><strong>Ota yhteytt\u00e4 tilausta varten: sales@texus.fi<\/strong><\/p>\n<p>&nbsp;<\/p>\n","protected":false},"excerpt":{"rendered":"<p><span data-sheets-root=\"1\"><strong>960Wh kapasiteetti 1200W AC Pure Sine Wave -invertterill\u00e4<\/strong> 960Wh akkukapasiteetin ansiosta kannettava P1201-virta-asema voi aina tarjota luotettavan virtal\u00e4hteen kodin s\u00e4hk\u00f6katkoksia, retkeily\u00e4 ja matkailuautomatkoja varten. 1200W:n nimellisteho antaa virtaa useimpiin s\u00e4hk\u00f6laitteisiisi (j\u00e4\u00e4kaappi, kannettava tietokone, kahvinkeitin, s\u00e4hk\u00f6grilli jne. ).,<\/span><\/p>\n<p><strong>Ota yhteytt\u00e4 tilausta varten: sales@texus.fi<\/strong><\/p>\n","protected":false},"featured_media":3249,"comment_status":"open","ping_status":"closed","template":"","meta":[],"product_brand":[],"product_cat":[38,121,15,34],"product_tag":[],"class_list":{"0":"post-782","1":"product","2":"type-product","3":"status-publish","4":"has-post-thumbnail","6":"product_cat-kannettava-aurinkogeneraattori","7":"product_cat-muut-tuotteet","8":"product_cat-products","9":"product_cat-virta-asemat","10":"pa_brands-oikitel","12":"first","13":"onbackorder","14":"sale","15":"taxable","16":"shipping-taxable","17":"purchasable","18":"product-type-simple"},"_links":{"self":[{"href":"https:\/\/texus.fi\/fi\/wp-json\/wp\/v2\/product\/782","targetHints":{"allow":["GET"]}}],"collection":[{"href":"https:\/\/texus.fi\/fi\/wp-json\/wp\/v2\/product"}],"about":[{"href":"https:\/\/texus.fi\/fi\/wp-json\/wp\/v2\/types\/product"}],"replies":[{"embeddable":true,"href":"https:\/\/texus.fi\/fi\/wp-json\/wp\/v2\/comments?post=782"}],"wp:featuredmedia":[{"embeddable":true,"href":"https:\/\/texus.fi\/fi\/wp-json\/wp\/v2\/media\/3249"}],"wp:attachment":[{"href":"https:\/\/texus.fi\/fi\/wp-json\/wp\/v2\/media?parent=782"}],"wp:term":[{"taxonomy":"product_brand","embeddable":true,"href":"https:\/\/texus.fi\/fi\/wp-json\/wp\/v2\/product_brand?post=782"},{"taxonomy":"product_cat","embeddable":true,"href":"https:\/\/texus.fi\/fi\/wp-json\/wp\/v2\/product_cat?post=782"},{"taxonomy":"product_tag","embeddable":true,"href":"https:\/\/texus.fi\/fi\/wp-json\/wp\/v2\/product_tag?post=782"}],"curies":[{"name":"wp","href":"https:\/\/api.w.org\/{rel}","templated":true}]}}