{"id":793,"date":"2024-07-26T13:04:06","date_gmt":"2024-07-26T10:04:06","guid":{"rendered":"https:\/\/texus.fi\/?post_type=product&#038;p=793"},"modified":"2025-03-05T14:21:33","modified_gmt":"2025-03-05T11:21:33","slug":"oukitel-p2001-plus-portable-power-station-2400w-2048wh","status":"publish","type":"product","link":"https:\/\/texus.fi\/fi\/oukitel-p2001-plus-portable-power-station-2400w-2048wh\/","title":{"rendered":"OUKITEL &#8211; P2001 Plus Kannettava virta-asema 2400W\/2048Wh"},"content":{"rendered":"<div class=\"product-block\">\n<div class=\"rte\">\n<ul>\n<li><span data-sheets-root=\"1\"><strong>1800W AC-tulo<\/strong> &#8211; Lataus 80 %:iin vain 1 tunnissa.<\/span><\/li>\n<li><span data-sheets-root=\"1\"><strong>Latauksen s\u00e4\u00e4t\u00f6nuppi<\/strong> &#8211; S\u00e4\u00e4d\u00e4 400W\/800W\/1200W\/1800W:lle<\/span><\/li>\n<li><span data-sheets-root=\"1\"><strong>2400W AC-l\u00e4ht\u00f6<\/strong> &#8211; Pure Sine Wave -invertteri (4800W Surge)<\/span><\/li>\n<li><span data-sheets-root=\"1\"><strong>2000W UPS &lt; 10ms<\/strong> &#8211; Odottamattomien s\u00e4hk\u00f6katkojen est\u00e4miseksi.<\/span><\/li>\n<li><span data-sheets-root=\"1\"><strong>Melutaso &lt; 50dB<\/strong> &#8211; Pystyt nukkumaan rauhassa.<\/span><\/li>\n<li><span data-sheets-root=\"1\"><strong>Kattava suojaus:<\/strong> Suojaus: roiske- ja p\u00f6lysuojaus<\/span><\/li>\n<li><span data-sheets-root=\"1\"><strong>Smart App Control<\/strong> &#8211; \u00c4lyk\u00e4s valvonta Bluetoothin ja WiFin avulla<\/span><\/li>\n<li><span data-sheets-root=\"1\"><strong>Kest\u00e4v\u00e4 LiFePO4-akku<\/strong> &#8211; 3500+ elinik\u00e4\u00e4 jopa 10 vuoden k\u00e4ytt\u00f6ik\u00e4<\/span><\/li>\n<li><span data-sheets-root=\"1\"><strong>Max. 500W Solar Input<\/strong> &#8211; Vihreytt\u00e4 aurinkoenergialla<\/span><\/li>\n<\/ul>\n<\/div>\n<\/div>\n<div class=\"product-block\">\n<div class=\"variant-wrapper js\" data-type=\"button\"><a href=\"https:\/\/texus.fi\/wp-content\/uploads\/2024\/07\/P2001-E_\u6b27\u89c4\u8d2d\u4e70\u9875\uff08\u5ba2\u6237\uff09-scaled.jpg\"><img fetchpriority=\"high\" decoding=\"async\" class=\"aligncenter size-full wp-image-801\" src=\"https:\/\/texus.fi\/wp-content\/uploads\/2024\/07\/P2001-E_\u6b27\u89c4\u8d2d\u4e70\u9875\uff08\u5ba2\u6237\uff09-scaled.jpg\" alt=\"\" width=\"562\" height=\"2560\" srcset=\"https:\/\/texus.fi\/wp-content\/uploads\/2024\/07\/P2001-E_\u6b27\u89c4\u8d2d\u4e70\u9875\uff08\u5ba2\u6237\uff09-66x300.jpg 66w, https:\/\/texus.fi\/wp-content\/uploads\/2024\/07\/P2001-E_\u6b27\u89c4\u8d2d\u4e70\u9875\uff08\u5ba2\u6237\uff09-225x1024.jpg 225w, https:\/\/texus.fi\/wp-content\/uploads\/2024\/07\/P2001-E_\u6b27\u89c4\u8d2d\u4e70\u9875\uff08\u5ba2\u6237\uff09-768x3498.jpg 768w, https:\/\/texus.fi\/wp-content\/uploads\/2024\/07\/P2001-E_\u6b27\u89c4\u8d2d\u4e70\u9875\uff08\u5ba2\u6237\uff09-337x1536.jpg 337w, https:\/\/texus.fi\/wp-content\/uploads\/2024\/07\/P2001-E_\u6b27\u89c4\u8d2d\u4e70\u9875\uff08\u5ba2\u6237\uff09-600x2733.jpg 600w\" sizes=\"(max-width: 562px) 100vw, 562px\" \/><\/a><\/div>\n<\/div>\n","protected":false},"excerpt":{"rendered":"<ul>\n<li><span data-sheets-root=\"1\"><strong>1800W AC-tulo<\/strong> &#8211; Lataus 80 %:iin vain 1 tunnissa.<\/span><\/li>\n<li><span data-sheets-root=\"1\"><strong>Latauksen s\u00e4\u00e4t\u00f6nuppi<\/strong> &#8211; S\u00e4\u00e4d\u00e4 400W\/800W\/1200W\/1800W:lle<\/span><\/li>\n<li><span data-sheets-root=\"1\"><strong>2400W AC-l\u00e4ht\u00f6<\/strong> &#8211; Pure Sine Wave -invertteri (4800W Surge)<\/span><\/li>\n<li><span data-sheets-root=\"1\"><strong>2000W UPS &lt; 10ms<\/strong> &#8211; Odottamattomien s\u00e4hk\u00f6katkojen est\u00e4miseksi.<\/span><\/li>\n<\/ul>\n<p><strong>Ota yhteytt\u00e4 tilausta varten: sales@texus.fi<\/strong><\/p>\n","protected":false},"featured_media":799,"comment_status":"open","ping_status":"closed","template":"","meta":[],"product_brand":[],"product_cat":[121,15,34],"product_tag":[],"class_list":{"0":"post-793","1":"product","2":"type-product","3":"status-publish","4":"has-post-thumbnail","6":"product_cat-muut-tuotteet","7":"product_cat-products","8":"product_cat-virta-asemat","9":"pa_brands-oikitel","11":"first","12":"onbackorder","13":"sale","14":"taxable","15":"shipping-taxable","16":"purchasable","17":"product-type-simple"},"_links":{"self":[{"href":"https:\/\/texus.fi\/fi\/wp-json\/wp\/v2\/product\/793","targetHints":{"allow":["GET"]}}],"collection":[{"href":"https:\/\/texus.fi\/fi\/wp-json\/wp\/v2\/product"}],"about":[{"href":"https:\/\/texus.fi\/fi\/wp-json\/wp\/v2\/types\/product"}],"replies":[{"embeddable":true,"href":"https:\/\/texus.fi\/fi\/wp-json\/wp\/v2\/comments?post=793"}],"wp:featuredmedia":[{"embeddable":true,"href":"https:\/\/texus.fi\/fi\/wp-json\/wp\/v2\/media\/799"}],"wp:attachment":[{"href":"https:\/\/texus.fi\/fi\/wp-json\/wp\/v2\/media?parent=793"}],"wp:term":[{"taxonomy":"product_brand","embeddable":true,"href":"https:\/\/texus.fi\/fi\/wp-json\/wp\/v2\/product_brand?post=793"},{"taxonomy":"product_cat","embeddable":true,"href":"https:\/\/texus.fi\/fi\/wp-json\/wp\/v2\/product_cat?post=793"},{"taxonomy":"product_tag","embeddable":true,"href":"https:\/\/texus.fi\/fi\/wp-json\/wp\/v2\/product_tag?post=793"}],"curies":[{"name":"wp","href":"https:\/\/api.w.org\/{rel}","templated":true}]}}