{"id":804,"date":"2024-08-02T17:41:43","date_gmt":"2024-08-02T14:41:43","guid":{"rendered":"https:\/\/texus.fi\/?post_type=product&#038;p=804"},"modified":"2025-03-05T14:20:41","modified_gmt":"2025-03-05T11:20:41","slug":"oukitel-p5000-pro-portable-power-station-4000w-5120wh","status":"publish","type":"product","link":"https:\/\/texus.fi\/fi\/oukitel-p5000-pro-portable-power-station-4000w-5120wh\/","title":{"rendered":"OUKITEL &#8211; P5000 Pro Kannettava virta-asema 4000W\/5120Wh"},"content":{"rendered":"<ul>\n<li><span data-sheets-root=\"1\">Paras valinta kodin varavoimanl\u00e4hteeksi.<\/span><\/li>\n<li><span data-sheets-root=\"1\">5120Wh suuri kapasiteetti, t\u00e4ydellinen 99 % kodinkoneille.<\/span><\/li>\n<li><span data-sheets-root=\"1\">4000 W AC-l\u00e4ht\u00f6, k\u00e4ytt\u00e4\u00e4 raskaita s\u00e4hk\u00f6ty\u00f6kaluja ylikuormittumatta.<\/span><\/li>\n<li><span data-sheets-root=\"1\">Alan johtava 5000 syklin LFP-akku kest\u00e4\u00e4 jopa 10 vuotta.<\/span><\/li>\n<li><span data-sheets-root=\"1\">Uskomaton 1 tunnin kaksoislataus tai 1,5 tunnin vaihtovirtalataus 80 %:iin.<\/span><\/li>\n<li><span data-sheets-root=\"1\">UPS&lt;10ms automaattinen kytkent\u00e4, ei pelkoa \u00e4killisist\u00e4 s\u00e4hk\u00f6katkoksista.<\/span><\/li>\n<li><span data-sheets-root=\"1\">Kest\u00e4v\u00e4 5000 sykli\u00e4 &#8211; jopa 10 vuoden k\u00e4ytt\u00f6ik\u00e4 pitk\u00e4aikaiseen k\u00e4ytt\u00f6\u00f6n.<\/span><\/li>\n<li><span data-sheets-root=\"1\">Hallitse akkua reaaliaikaisesti tarpeidesi mukaan APP:n kautta.<\/span><\/li>\n<\/ul>\n<p><strong>Ota yhteytt\u00e4 tilausta varten: sales@texus.fi<\/strong><\/p>\n<div><a href=\"https:\/\/texus.fi\/wp-content\/uploads\/2024\/07\/P5000Pro-E-\u6b27\u89c4\u9884\u70ed\u9875\uff08\u5ba2\u6237\uff09-scaled.jpg\"><img fetchpriority=\"high\" decoding=\"async\" class=\"aligncenter wp-image-807\" src=\"https:\/\/texus.fi\/wp-content\/uploads\/2024\/07\/P5000Pro-E-\u6b27\u89c4\u9884\u70ed\u9875\uff08\u5ba2\u6237\uff09-scaled.jpg\" alt=\"\" width=\"499\" height=\"3202\"><br \/>\n<\/a><\/div>\n","protected":false},"excerpt":{"rendered":"<ul>\n<li><span data-sheets-root=\"1\">Paras valinta kodin varavoimanl\u00e4hteeksi.<\/span><\/li>\n<li><span data-sheets-root=\"1\">5120Wh suuri kapasiteetti, t\u00e4ydellinen 99 % kodinkoneille.<\/span><\/li>\n<li><span data-sheets-root=\"1\">4000 W AC-l\u00e4ht\u00f6, k\u00e4ytt\u00e4\u00e4 raskaita s\u00e4hk\u00f6ty\u00f6kaluja ylikuormittumatta.<\/span><\/li>\n<li><span data-sheets-root=\"1\">Alan johtava 5000 syklin LFP-akku kest\u00e4\u00e4 jopa 10 vuotta.<\/span><\/li>\n<li><span data-sheets-root=\"1\">Uskomaton 1 tunnin kaksoislataus tai 1,5 tunnin vaihtovirtalataus 80 %:iin.<\/span><\/li>\n<\/ul>\n<p><strong>Ota yhteytt\u00e4 tilausta varten: sales@texus.fi<\/strong><\/p>\n","protected":false},"featured_media":808,"comment_status":"open","ping_status":"closed","template":"","meta":[],"product_brand":[],"product_cat":[38,121,15,34],"product_tag":[],"class_list":{"0":"post-804","1":"product","2":"type-product","3":"status-publish","4":"has-post-thumbnail","6":"product_cat-kannettava-aurinkogeneraattori","7":"product_cat-muut-tuotteet","8":"product_cat-products","9":"product_cat-virta-asemat","10":"pa_brands-oikitel","12":"first","13":"onbackorder","14":"sale","15":"taxable","16":"shipping-taxable","17":"purchasable","18":"product-type-simple"},"_links":{"self":[{"href":"https:\/\/texus.fi\/fi\/wp-json\/wp\/v2\/product\/804","targetHints":{"allow":["GET"]}}],"collection":[{"href":"https:\/\/texus.fi\/fi\/wp-json\/wp\/v2\/product"}],"about":[{"href":"https:\/\/texus.fi\/fi\/wp-json\/wp\/v2\/types\/product"}],"replies":[{"embeddable":true,"href":"https:\/\/texus.fi\/fi\/wp-json\/wp\/v2\/comments?post=804"}],"wp:featuredmedia":[{"embeddable":true,"href":"https:\/\/texus.fi\/fi\/wp-json\/wp\/v2\/media\/808"}],"wp:attachment":[{"href":"https:\/\/texus.fi\/fi\/wp-json\/wp\/v2\/media?parent=804"}],"wp:term":[{"taxonomy":"product_brand","embeddable":true,"href":"https:\/\/texus.fi\/fi\/wp-json\/wp\/v2\/product_brand?post=804"},{"taxonomy":"product_cat","embeddable":true,"href":"https:\/\/texus.fi\/fi\/wp-json\/wp\/v2\/product_cat?post=804"},{"taxonomy":"product_tag","embeddable":true,"href":"https:\/\/texus.fi\/fi\/wp-json\/wp\/v2\/product_tag?post=804"}],"curies":[{"name":"wp","href":"https:\/\/api.w.org\/{rel}","templated":true}]}}