{"id":811,"date":"2024-08-02T17:41:43","date_gmt":"2024-08-02T14:41:43","guid":{"rendered":"https:\/\/texus.fi\/?post_type=product&#038;p=811"},"modified":"2025-03-05T14:20:43","modified_gmt":"2025-03-05T11:20:43","slug":"oukitel-p5000-portable-power-station-2200w-5120wh","status":"publish","type":"product","link":"https:\/\/texus.fi\/fi\/oukitel-p5000-portable-power-station-2200w-5120wh\/","title":{"rendered":"OUKITEL &#8211; P5000 Kannettava virta-asema 2200W\/5120Wh"},"content":{"rendered":"<ul>\n<li><span data-sheets-root=\"1\">Massiivinen 5120Wh kapasiteetti &#8211; Pitk\u00e4kestoisempi virtal\u00e4hde.<\/span><\/li>\n<li><span data-sheets-root=\"1\">Tehokas 2200W AC Pure Sine Wave -invertteri &#8211; K\u00e4sittele suuritehoisia laitteita helposti.<\/span><\/li>\n<li><span data-sheets-root=\"1\">Salamannopea 1800W AC-tulo &#8211; alan nopein lataus.<\/span><\/li>\n<li><span data-sheets-root=\"1\">2000W:n keskeytym\u00e4t\u00f6n virtal\u00e4hde h\u00e4t\u00e4tilanteissa.<\/span><\/li>\n<li><span data-sheets-root=\"1\">Aurinkoenergian teho jopa 1000W &#8211; lataa auringosta kest\u00e4v\u00e4\u00e4 energiaa.<\/span><\/li>\n<li><span data-sheets-root=\"1\">Plug &amp; Play -suunnittelu &#8211; vaivaton ja helppo asentaa ja k\u00e4ytt\u00e4\u00e4.<\/span><\/li>\n<li><span data-sheets-root=\"1\">Kest\u00e4v\u00e4 5000 sykli\u00e4 &#8211; jopa 10 vuoden k\u00e4ytt\u00f6ik\u00e4 pitk\u00e4aikaiseen k\u00e4ytt\u00f6\u00f6n.<\/span><\/li>\n<li><span data-sheets-root=\"1\">Tarpeeksi suuri energian tuottamiseen ja samalla tarpeeksi pieni kuljetettavaksi.<\/span><\/li>\n<\/ul>\n<p><strong>Ota yhteytt\u00e4 tilausta varten: sales@texus.fi<\/strong><\/p>\n<ul>\n<li><a href=\"https:\/\/texus.fi\/wp-content\/uploads\/2024\/07\/P5000-E_\u9884\u70ed\u9875\uff08\u5ba2\u6237\uff09-scaled.jpg\"><img fetchpriority=\"high\" decoding=\"async\" class=\"aligncenter wp-image-817\" src=\"https:\/\/texus.fi\/wp-content\/uploads\/2024\/07\/P5000-E_\u9884\u70ed\u9875\uff08\u5ba2\u6237\uff09-scaled.jpg\" alt=\"\" width=\"548\" height=\"4079\"><\/a><\/li>\n<\/ul>\n","protected":false},"excerpt":{"rendered":"<ul>\n<li><span data-sheets-root=\"1\">Massiivinen 5120Wh kapasiteetti &#8211; Pitk\u00e4kestoisempi virtal\u00e4hde.<\/span><\/li>\n<li><span data-sheets-root=\"1\">Tehokas 2200W AC Pure Sine Wave -invertteri &#8211; K\u00e4sittele suuritehoisia laitteita helposti.<\/span><\/li>\n<li><span data-sheets-root=\"1\">Salamannopea 1800W AC-tulo &#8211; alan nopein lataus.<\/span><\/li>\n<\/ul>\n<p><strong>Ota yhteytt\u00e4 tilausta varten: sales@texus.fi<\/strong><\/p>\n","protected":false},"featured_media":814,"comment_status":"open","ping_status":"closed","template":"","meta":[],"product_brand":[],"product_cat":[38,121,15,34],"product_tag":[],"class_list":{"0":"post-811","1":"product","2":"type-product","3":"status-publish","4":"has-post-thumbnail","6":"product_cat-kannettava-aurinkogeneraattori","7":"product_cat-muut-tuotteet","8":"product_cat-products","9":"product_cat-virta-asemat","10":"pa_brands-oikitel","12":"first","13":"onbackorder","14":"sale","15":"taxable","16":"shipping-taxable","17":"purchasable","18":"product-type-simple"},"_links":{"self":[{"href":"https:\/\/texus.fi\/fi\/wp-json\/wp\/v2\/product\/811","targetHints":{"allow":["GET"]}}],"collection":[{"href":"https:\/\/texus.fi\/fi\/wp-json\/wp\/v2\/product"}],"about":[{"href":"https:\/\/texus.fi\/fi\/wp-json\/wp\/v2\/types\/product"}],"replies":[{"embeddable":true,"href":"https:\/\/texus.fi\/fi\/wp-json\/wp\/v2\/comments?post=811"}],"wp:featuredmedia":[{"embeddable":true,"href":"https:\/\/texus.fi\/fi\/wp-json\/wp\/v2\/media\/814"}],"wp:attachment":[{"href":"https:\/\/texus.fi\/fi\/wp-json\/wp\/v2\/media?parent=811"}],"wp:term":[{"taxonomy":"product_brand","embeddable":true,"href":"https:\/\/texus.fi\/fi\/wp-json\/wp\/v2\/product_brand?post=811"},{"taxonomy":"product_cat","embeddable":true,"href":"https:\/\/texus.fi\/fi\/wp-json\/wp\/v2\/product_cat?post=811"},{"taxonomy":"product_tag","embeddable":true,"href":"https:\/\/texus.fi\/fi\/wp-json\/wp\/v2\/product_tag?post=811"}],"curies":[{"name":"wp","href":"https:\/\/api.w.org\/{rel}","templated":true}]}}