{"id":874,"date":"2024-08-02T17:41:43","date_gmt":"2024-08-02T14:41:43","guid":{"rendered":"https:\/\/texus.fi\/?post_type=product&#038;p=874"},"modified":"2025-03-05T14:20:36","modified_gmt":"2025-03-05T11:20:36","slug":"sosen-700w-portable-power-station","status":"publish","type":"product","link":"https:\/\/texus.fi\/fi\/sosen-700w-portable-power-station\/","title":{"rendered":"PEGIANT &#8211; 700W Kannettava virta-asema"},"content":{"rendered":"<div class=\"unit-detail_item\">\n<div class=\"unit-detail-description\"><span data-sheets-root=\"1\">Pegiant PE-700 on tehokas ja luotettava 700 W:n kannettava energiaratkaisu. Suuritehoinen AC\/DC, nopea lataus, 6 tapaa ladata. Ihanteellinen retkeilyyn, itseajoon, ulkokameroihin ja h\u00e4t\u00e4tilanteisiin. Kest\u00e4v\u00e4 ja muodikas muotoilu, lis\u00e4\u00e4 tuottavuutta.<\/span><\/div>\n<\/div>\n<div class=\"unit-detail_item\">\n<div class=\"unit-detail-profile\">\n<ul>\n<li><span data-sheets-root=\"1\">Vuoden 2024 Reddot-voittaja: Ristilaukku-tyylinen muotoilu.<\/span><\/li>\n<li><span data-sheets-root=\"1\">307Wh\/700W (1400W huippu).<\/span><\/li>\n<li><span data-sheets-root=\"1\">Salamannopea lataus: 0-80% 50 minuutissa.<\/span><\/li>\n<li><span data-sheets-root=\"1\">10 vuotta luotettavaa k\u00e4ytt\u00f6\u00e4.<\/span><\/li>\n<li><span data-sheets-root=\"1\">Lataa kaikki kuluttajalaitteesi.<\/span><\/li>\n<li><span data-sheets-root=\"1\">Helppok\u00e4ytt\u00f6inen ja k\u00e4tev\u00e4 napata ja vied\u00e4 mukanasi.<\/span><\/li>\n<li><span data-sheets-root=\"1\">Essential Home Backup: 20 ms:n siirtyminen.<\/span><\/li>\n<li><span data-sheets-root=\"1\">5 l\u00e4ht\u00f6tilaa, virtaa 10 laitetta samanaikaisesti.<\/span><\/li>\n<\/ul>\n<div id=\"unit-aln0S4TOqIuqAxu\" class=\"\">\n<div class=\"ce-text_item\">\n<div class=\"ce-text\">\n<h3><span data-sheets-root=\"1\">Kannettava teho liikkeell\u00e4<\/span><\/h3>\n<\/div>\n<\/div>\n<\/div>\n<div id=\"unit-pCOXi2Sjzv8gjV6\" class=\"\">\n<div class=\"ce-text_item\">\n<div class=\"ce-text\">\n<p><strong>307Wh \/ 700W Crossbody laukku-tyylinen kannettava teho<\/strong><\/p>\n<\/div>\n<\/div>\n<\/div>\n<div id=\"unit-uNXemfXpWs0eoKn\" class=\"\">\n<div class=\"ce-text_item\">\n<div class=\"ce-text\">\n<p><span data-sheets-root=\"1\">Sosen Innovationin PE-700: Empower ulkoilmaseikkailuihin. Ihanteellinen automatkoille, telttailuun, purjehdukseen, kalastukseen tai ulkot\u00f6ihin, sill\u00e4 sen crossbody-laukkumallinen muotoilu vapauttaa k\u00e4tesi t\u00e4ysin. 6 lataustavan ja huippunopean latauksen ansiosta keskeytym\u00e4t\u00f6n virransy\u00f6tt\u00f6 on taattu. Pysy yhteydess\u00e4 ja virtaa PE-700:n avulla.<\/span><\/p>\n<p><span data-sheets-root=\"1\">T\u00e4ydellinen seikkailunhaluisille sieluille, jotka etsiv\u00e4t luotettavaa, liikkeell\u00e4 olevaa tehoa.<\/span><\/p>\n<div id=\"unit-U0iQD66IFTFeHro\" class=\"\">\n<div class=\"ce-text_item\">\n<div class=\"ce-text\">\n<p><strong>Tuotteen ominaisuudet<\/strong><\/p>\n<\/div>\n<\/div>\n<\/div>\n<div id=\"unit-kwk9AmieOZDD8WB\" class=\"\">\n<div class=\"ce-text_item\">\n<div class=\"ce-text\">\n<ul>\n<li><span data-sheets-root=\"1\">EV-luokan LiFePO4-akkukennot.<\/span><\/li>\n<li><span data-sheets-root=\"1\">Pitk\u00e4 k\u00e4ytt\u00f6ik\u00e4 Sykli 3000 kertaa 80 % + kapasiteetti.<\/span><\/li>\n<li><span data-sheets-root=\"1\">Kaksisuuntainen invertteritekniikka Lataus 80% &lt;1h.<\/span><\/li>\n<li><span data-sheets-root=\"1\">ECO-tila (ohjaus APP:ss\u00e4 vaihtoehtoa varten).<\/span><\/li>\n<li><span data-sheets-root=\"1\">8 BMS-turvasuojaustapaa ja 6 lataustapaa.<\/span><\/li>\n<li><span data-sheets-root=\"1\">5 l\u00e4ht\u00f6tilaa.<\/span><\/li>\n<li><span data-sheets-root=\"1\">10 l\u00e4ht\u00f6porttia.<\/span><\/li>\n<li><span data-sheets-root=\"1\">700W korkea teho, 1400W huipputeho.<\/span><\/li>\n<li><span data-sheets-root=\"1\">3 vuoden takuu.<\/span><\/li>\n<\/ul>\n<\/div>\n<\/div>\n<\/div>\n<\/div>\n<\/div>\n<\/div>\n<\/div>\n<\/div>\n","protected":false},"excerpt":{"rendered":"<p>Pegiant PE-700 on tehokas ja luotettava 700 W:n kannettava energiaratkaisu. Suuritehoinen AC\/DC, nopea lataus, 6 tapaa ladata. Ihanteellinen retkeilyyn, itseajoon, ulkokameroihin ja h\u00e4t\u00e4tilanteisiin. Kest\u00e4v\u00e4 ja muodikas muotoilu, lis\u00e4\u00e4 tuottavuutta. Vuoden 2024 Reddot-voittaja: Ristilaukku-tyylinen muotoilu. 307Wh\/700W (1400W huippu). Salamannopea lataus: 0-80% 50 minuutissa. 10 vuotta luotettavaa k\u00e4ytt\u00f6\u00e4. Lataa kaikki kuluttajalaitteesi. Helppok\u00e4ytt\u00f6inen ja k\u00e4tev\u00e4 napata ja vied\u00e4 [&hellip;]<\/p>\n","protected":false},"featured_media":880,"comment_status":"open","ping_status":"closed","template":"","meta":[],"product_brand":[],"product_cat":[121,15,34],"product_tag":[],"class_list":{"0":"post-874","1":"product","2":"type-product","3":"status-publish","4":"has-post-thumbnail","6":"product_cat-muut-tuotteet","7":"product_cat-products","8":"product_cat-virta-asemat","9":"product_shipping_class-standard-delivery","10":"pa_brands-pegiant","12":"first","13":"outofstock","14":"sale","15":"taxable","16":"shipping-taxable","17":"purchasable","18":"product-type-simple"},"_links":{"self":[{"href":"https:\/\/texus.fi\/fi\/wp-json\/wp\/v2\/product\/874","targetHints":{"allow":["GET"]}}],"collection":[{"href":"https:\/\/texus.fi\/fi\/wp-json\/wp\/v2\/product"}],"about":[{"href":"https:\/\/texus.fi\/fi\/wp-json\/wp\/v2\/types\/product"}],"replies":[{"embeddable":true,"href":"https:\/\/texus.fi\/fi\/wp-json\/wp\/v2\/comments?post=874"}],"wp:featuredmedia":[{"embeddable":true,"href":"https:\/\/texus.fi\/fi\/wp-json\/wp\/v2\/media\/880"}],"wp:attachment":[{"href":"https:\/\/texus.fi\/fi\/wp-json\/wp\/v2\/media?parent=874"}],"wp:term":[{"taxonomy":"product_brand","embeddable":true,"href":"https:\/\/texus.fi\/fi\/wp-json\/wp\/v2\/product_brand?post=874"},{"taxonomy":"product_cat","embeddable":true,"href":"https:\/\/texus.fi\/fi\/wp-json\/wp\/v2\/product_cat?post=874"},{"taxonomy":"product_tag","embeddable":true,"href":"https:\/\/texus.fi\/fi\/wp-json\/wp\/v2\/product_tag?post=874"}],"curies":[{"name":"wp","href":"https:\/\/api.w.org\/{rel}","templated":true}]}}