{"id":884,"date":"2024-07-30T15:17:03","date_gmt":"2024-07-30T12:17:03","guid":{"rendered":"https:\/\/texus.fi\/?post_type=product&#038;p=884"},"modified":"2025-03-05T14:21:28","modified_gmt":"2025-03-05T11:21:28","slug":"kontron-solar-coolcept%c2%b3-flex","status":"publish","type":"product","link":"https:\/\/texus.fi\/fi\/kontron-solar-coolcept%c2%b3-flex\/","title":{"rendered":"Steca &#8211; coolcept\u00b3 fleX"},"content":{"rendered":"<h3><span data-sheets-root=\"1\">Kolmivaiheinen vaihtosuuntaaja, jossa on yksi MPP-seurantalaite<\/span><\/h3>\n<div id=\"productdescription\" class=\"productdescription hdsection\">\n<h3><span data-sheets-root=\"1\">Taajuusmuuttajan topologia<\/span><\/h3>\n<p><span data-sheets-root=\"1\">Coolcept-taajuusmuuttajatopologia toteutettiin ensimm\u00e4ist\u00e4 kertaa yksivaiheisissa StecaGrid-taajuusmuuttajissa, ja sen innovatiivisten piirien ansiosta saavutettiin korkein hy\u00f6tysuhde. My\u00f6s kolmivaiheiset coolcept\u00b3-fleX-taajuusmuuttajat hy\u00f6tyv\u00e4t t\u00e4m\u00e4n piirin tarjoamista eduista. Kolmivaiheinen topologia on t\u00e4ysin reaktiivivirtauskykyinen ja siten varustettu my\u00f6s tulevaisuuden vaatimuksia varten.<\/span><\/p>\n<h3><span data-sheets-root=\"1\">Aina symmetrinen<\/span><\/h3>\n<p><span data-sheets-root=\"1\">Kolmivaiheisen sy\u00f6t\u00f6n etuna on, ett\u00e4 tuotettu aurinkos\u00e4hk\u00f6 jaetaan aina symmetrisesti kaikkiin kolmeen verkkojohtimeen yleiseen verkkoon. N\u00e4in on n\u00e4iss\u00e4 vaihtosuuntaajissa koko tehoalueella. Symmetrinen sy\u00f6tt\u00f6 on t\u00e4ysin energiayhti\u00f6iden edun mukaista ja vastaa my\u00f6s kotitalouksien kolmivaiheista kulutusta.<\/span><\/p>\n<h3><span data-sheets-root=\"1\">Korkein hy\u00f6tysuhde ja pitk\u00e4 k\u00e4ytt\u00f6ik\u00e4<\/span><\/h3>\n<p><span data-sheets-root=\"1\">Eritt\u00e4in korkean hy\u00f6tysuhteen ansiosta huippuhy\u00f6tysuhde on 98,6 %, mik\u00e4 tarkoittaa, ett\u00e4 tehoh\u00e4vi\u00f6t\u00e4 on tuotettava ja haihdutettava ymp\u00e4rist\u00f6\u00f6n v\u00e4hemm\u00e4n. N\u00e4m\u00e4 ovat tuottosi etuja.<\/span><\/p>\n<p><span data-sheets-root=\"1\">Koska energiaa sy\u00f6tet\u00e4\u00e4n verkkoon aina v\u00e4hint\u00e4\u00e4n kahdessa vaiheessa kolmivaiheisessa sy\u00f6t\u00f6ss\u00e4, yksik\u00f6ss\u00e4 ei tarvita energian v\u00e4livarastointia, kuten yksivaiheisessa sy\u00f6t\u00f6ss\u00e4. Esimerkiksi coolcept\u00b3-fleX-taajuusmuuttajissa ei tarvita lainkaan v\u00e4livarastointiin tarvittavia elektrolyyttikondensaattoreita, jotka voivat kuivuttuaan vaikuttaa elektronisen laitteen k\u00e4ytt\u00f6ik\u00e4\u00e4n. N\u00e4in ollen coolcept\u00b3-fleX-taajuusmuuttajien k\u00e4ytt\u00f6ik\u00e4 on pitk\u00e4.<\/span><\/p>\n<p><span data-sheets-root=\"1\">Lis\u00e4ksi uusi, ainutlaatuinen j\u00e4\u00e4hdytyskonsepti taajuusmuuttajien sis\u00e4ll\u00e4 takaa l\u00e4mm\u00f6n tasaisen jakautumisen ja sen my\u00f6t\u00e4 laitteiden pitk\u00e4n k\u00e4ytt\u00f6i\u00e4n.<\/span><\/p>\n<h3><span data-sheets-root=\"1\">Tuotesuunnittelu ja visualisointi<\/span><\/h3>\n<p><span data-sheets-root=\"1\">StecaGridiss\u00e4 on graafinen LCD-n\u00e4ytt\u00f6, joka n\u00e4ytt\u00e4\u00e4 energiantuoton arvot, nykyiset tuotot ja j\u00e4rjestelm\u00e4n k\u00e4ytt\u00f6parametrit. Innovatiivinen valikko tarjoaa mahdollisuuden valita erikseen eri mittausarvot. Ohjattu, esiohjelmoitu valikko varmistaa laitteen saumattoman, lopullisen k\u00e4ytt\u00f6\u00f6noton.<\/span><\/p>\n<h3><span data-sheets-root=\"1\">Kokoonpano<\/span><\/h3>\n<p><span data-sheets-root=\"1\">Vain 12 kg painavat kevyet yksik\u00f6t voidaan asentaa vaivattomasti ja turvallisesti sein\u00e4lle. Mukana toimitettu sein\u00e4kiinnike mahdollistaa yksinkertaisen ja eritt\u00e4in k\u00e4tev\u00e4n asennuksen. Yksikk\u00f6\u00e4 ei my\u00f6sk\u00e4\u00e4n tarvitse avata asennusta varten. Kaikkiin liit\u00e4nt\u00f6ihin sek\u00e4 DC-erottimeen p\u00e4\u00e4see k\u00e4siksi ulkopuolelta. DC-liit\u00e4nt\u00e4\u00e4 varten Sunclix-pariliittimet sis\u00e4ltyv\u00e4t toimitukseen.<\/span><\/p>\n<\/div>\n<div id=\"productproperty\" class=\"productproperty hdsection bg_grey_full mrgntp-1 pddngtp-2 pddngbt-2\">\n<h2><span data-sheets-root=\"1\">Ominaisuudet<\/span><\/h2>\n<h3 class=\"technicaldatatabletitle\"><span data-sheets-root=\"1\">Tuotteen ominaisuudet<\/span><\/h3>\n<ul>\n<li>Korkein hy\u00f6tysuhde<\/li>\n<li>Kolmivaiheinen, symmetrinen verkkosy\u00f6tt\u00f6<\/li>\n<li>Yksinkertainen asennus<\/li>\n<li>Integroitu dataloggeri<\/li>\n<li>Alhainen kotelon l\u00e4mp\u00f6tila t\u00e4ydell\u00e4 kuormituksella<\/li>\n<li>Tukeva metallikotelo<\/li>\n<li>Soveltuu ulkoasennukseen<\/li>\n<li>Integroitu tasavirtapiirin katkaisija<\/li>\n<li>Eritt\u00e4in pitk\u00e4 k\u00e4ytt\u00f6ik\u00e4<\/li>\n<li>Droop-tila hybridij\u00e4rjestelmien integrointia varten<\/li>\n<li>Kiinte\u00e4 j\u00e4nnitetila muita energial\u00e4hteit\u00e4 varten<\/li>\n<li>Optimoitu varjonhallinta globaalin MPP-seurannan avulla<\/li>\n<\/ul>\n<h3><span data-sheets-root=\"1\">N\u00e4ytt\u00e4\u00e4<\/span><\/h3>\n<ul class=\"technicaldataul\">\n<li><span data-sheets-root=\"1\">Monitoiminen graafinen LC-n\u00e4ytt\u00f6 taustavalaistuna<\/span><\/li>\n<li><span data-sheets-root=\"1\">Animoitu esitys tuotosta<\/span><\/li>\n<\/ul>\n<h3 class=\"technicaldatatabletitle\"><span data-sheets-root=\"1\">Operaatio<\/span><\/h3>\n<ul class=\"technicaldataul\">\n<li><span data-sheets-root=\"1\">Yksinkertainen valikko-ohjattu k\u00e4ytt\u00f6<\/span><\/li>\n<li><span data-sheets-root=\"1\">Monikielinen valikkonavigointi<\/span><\/li>\n<\/ul>\n<\/div>\n<p><strong>Tietolehti:<\/strong> <a href=\"https:\/\/texus.fi\/wp-content\/uploads\/2024\/07\/coolcept\u00b3fleXproductdatasheetEN.pdf\">coolcept\u00b3+fleX+productdatasheet+EN<\/a><\/p>\n","protected":false},"excerpt":{"rendered":"<p>Kolmivaiheinen vaihtosuuntaaja, jossa on yksi MPP-seurantalaite Taajuusmuuttajan topologia Coolcept-taajuusmuuttajatopologia toteutettiin ensimm\u00e4ist\u00e4 kertaa yksivaiheisissa StecaGrid-taajuusmuuttajissa, ja sen innovatiivisten piirien ansiosta saavutettiin korkein hy\u00f6tysuhde. My\u00f6s kolmivaiheiset coolcept\u00b3-fleX-taajuusmuuttajat hy\u00f6tyv\u00e4t t\u00e4m\u00e4n piirin tarjoamista eduista. Kolmivaiheinen topologia on t\u00e4ysin reaktiivivirtauskykyinen ja siten varustettu my\u00f6s tulevaisuuden vaatimuksia varten. Aina symmetrinen Kolmivaiheisen sy\u00f6t\u00f6n etuna on, ett\u00e4 tuotettu aurinkos\u00e4hk\u00f6 jaetaan aina symmetrisesti kaikkiin [&hellip;]<\/p>\n","protected":false},"featured_media":731,"comment_status":"open","ping_status":"closed","template":"","meta":[],"product_brand":[],"product_cat":[42,41,15],"product_tag":[],"class_list":{"0":"post-884","1":"product","2":"type-product","3":"status-publish","4":"has-post-thumbnail","6":"product_cat-kolmivaiheinen","7":"product_cat-mpp-tracker","8":"product_cat-products","9":"pa_brands-kontron","11":"first","12":"onbackorder","13":"taxable","14":"shipping-taxable","15":"product-type-simple"},"_links":{"self":[{"href":"https:\/\/texus.fi\/fi\/wp-json\/wp\/v2\/product\/884","targetHints":{"allow":["GET"]}}],"collection":[{"href":"https:\/\/texus.fi\/fi\/wp-json\/wp\/v2\/product"}],"about":[{"href":"https:\/\/texus.fi\/fi\/wp-json\/wp\/v2\/types\/product"}],"replies":[{"embeddable":true,"href":"https:\/\/texus.fi\/fi\/wp-json\/wp\/v2\/comments?post=884"}],"wp:featuredmedia":[{"embeddable":true,"href":"https:\/\/texus.fi\/fi\/wp-json\/wp\/v2\/media\/731"}],"wp:attachment":[{"href":"https:\/\/texus.fi\/fi\/wp-json\/wp\/v2\/media?parent=884"}],"wp:term":[{"taxonomy":"product_brand","embeddable":true,"href":"https:\/\/texus.fi\/fi\/wp-json\/wp\/v2\/product_brand?post=884"},{"taxonomy":"product_cat","embeddable":true,"href":"https:\/\/texus.fi\/fi\/wp-json\/wp\/v2\/product_cat?post=884"},{"taxonomy":"product_tag","embeddable":true,"href":"https:\/\/texus.fi\/fi\/wp-json\/wp\/v2\/product_tag?post=884"}],"curies":[{"name":"wp","href":"https:\/\/api.w.org\/{rel}","templated":true}]}}