{"id":886,"date":"2024-10-20T15:18:42","date_gmt":"2024-10-20T12:18:42","guid":{"rendered":"https:\/\/texus.fi\/?post_type=product&#038;p=886"},"modified":"2025-03-05T14:19:07","modified_gmt":"2025-03-05T11:19:07","slug":"kontron-solar-solbrid","status":"publish","type":"product","link":"https:\/\/texus.fi\/fi\/kontron-solar-solbrid\/","title":{"rendered":"Kontron Solar &#8211; SolBrid"},"content":{"rendered":"<h3><span data-sheets-root=\"1\">3-vaiheinen hybridi-invertteri, jossa on enint\u00e4\u00e4n 4 MPP-seurantalaitetta ja 1 akkuliit\u00e4nt\u00e4.<\/span><\/h3>\n<div id=\"productproperty\" class=\"productproperty hdsection bg_grey_full mrgntp-1 pddngtp-2 pddngbt-2\">\n<div id=\"productdescription\" class=\"productdescription hdsection\">\n<p>10 kW:n hybridi-invertteri, 3-vaiheinen<\/p>\n<p>Jopa 4 mpp-seurantalaitetta + 1 akkuliit\u00e4nt\u00e4<\/p>\n<p>Korvaava virta, joka pystyy varavirtalaatikon yhteydess\u00e4 vaihtamaan virtaa<\/p>\n<p>Yhteensopiva yleisten korkeaj\u00e4nniteakkujen kanssa<\/p>\n<p>WiFi ja LAN<\/p>\n<p>Helppo asennus<\/p>\n<\/div>\n<div id=\"productproperty\" class=\"productproperty hdsection bg_grey_full mrgntp-1 pddngtp-2 pddngbt-2\">\n<h2><span data-sheets-root=\"1\">Ominaisuudet<\/span><\/h2>\n<h3 class=\"technicaldatatabletitle\"><span data-sheets-root=\"1\">Tuotteen ominaisuudet<\/span><\/h3>\n<ul class=\"technicaldataul\">\n<li><span data-sheets-root=\"1\">Joustava ja laajennettavissa<\/span><\/li>\n<li><span data-sheets-root=\"1\">Yksinkertainen asennus<\/span><\/li>\n<li><span data-sheets-root=\"1\">Soveltuu ulkoasennukseen<\/span><\/li>\n<\/ul>\n<\/div>\n<\/div>\n<p><strong>Tietolehti:<\/strong> <a href=\"https:\/\/texus.fi\/wp-content\/uploads\/2024\/07\/SolBridproductdatasheetEN.pdf\">SolBrid+productdatasheet+EN<\/a><\/p>\n","protected":false},"excerpt":{"rendered":"<h3><span data-sheets-root=\"1\">3-vaiheinen hybridi-invertteri, jossa on enint\u00e4\u00e4n 4 MPP-seurantalaitetta ja 1 akkuliit\u00e4nt\u00e4.<\/span><\/h3>\n<div id=\"productproperty\" class=\"productproperty hdsection bg_grey_full mrgntp-1 pddngtp-2 pddngbt-2\">\n<div id=\"productdescription\" class=\"productdescription hdsection\">\n<p>10 kW:n hybridi-invertteri, 3-vaiheinen<\/p>\n<p>Jopa 4 mpp-seurantalaitetta + 1 akkuliit\u00e4nt\u00e4<\/p>\n<p>Korvaava virta, joka pystyy varavirtalaatikon yhteydess\u00e4 vaihtamaan virtaa<\/p>\n<p>Yhteensopiva yleisten korkeaj\u00e4nniteakkujen kanssa<\/p>\n<p>WiFi ja LAN<\/p>\n<p>Helppo asennus<\/p>\n<\/div>\n<\/div>\n","protected":false},"featured_media":3196,"comment_status":"open","ping_status":"closed","template":"","meta":[],"product_brand":[],"product_cat":[37,36,15],"product_tag":[],"class_list":{"0":"post-886","1":"product","2":"type-product","3":"status-publish","4":"has-post-thumbnail","6":"product_cat-hybridivaihtosuuntaajat","7":"product_cat-invertterit","8":"product_cat-products","9":"pa_brands-kontron","11":"first","12":"onbackorder","13":"taxable","14":"shipping-taxable","15":"product-type-simple"},"_links":{"self":[{"href":"https:\/\/texus.fi\/fi\/wp-json\/wp\/v2\/product\/886","targetHints":{"allow":["GET"]}}],"collection":[{"href":"https:\/\/texus.fi\/fi\/wp-json\/wp\/v2\/product"}],"about":[{"href":"https:\/\/texus.fi\/fi\/wp-json\/wp\/v2\/types\/product"}],"replies":[{"embeddable":true,"href":"https:\/\/texus.fi\/fi\/wp-json\/wp\/v2\/comments?post=886"}],"wp:featuredmedia":[{"embeddable":true,"href":"https:\/\/texus.fi\/fi\/wp-json\/wp\/v2\/media\/3196"}],"wp:attachment":[{"href":"https:\/\/texus.fi\/fi\/wp-json\/wp\/v2\/media?parent=886"}],"wp:term":[{"taxonomy":"product_brand","embeddable":true,"href":"https:\/\/texus.fi\/fi\/wp-json\/wp\/v2\/product_brand?post=886"},{"taxonomy":"product_cat","embeddable":true,"href":"https:\/\/texus.fi\/fi\/wp-json\/wp\/v2\/product_cat?post=886"},{"taxonomy":"product_tag","embeddable":true,"href":"https:\/\/texus.fi\/fi\/wp-json\/wp\/v2\/product_tag?post=886"}],"curies":[{"name":"wp","href":"https:\/\/api.w.org\/{rel}","templated":true}]}}