{"id":889,"date":"2024-07-30T15:28:51","date_gmt":"2024-07-30T12:28:51","guid":{"rendered":"https:\/\/texus.fi\/?post_type=product&#038;p=889"},"modified":"2025-03-05T14:21:27","modified_gmt":"2025-03-05T11:21:27","slug":"kontron-solar-steca-solarix-mppt","status":"publish","type":"product","link":"https:\/\/texus.fi\/fi\/kontron-solar-steca-solarix-mppt\/","title":{"rendered":"Steca &#8211; Solarix MPPT"},"content":{"rendered":"<div id=\"productdescription\" class=\"productdescription hdsection\">\n<p><span data-sheets-root=\"1\">Steca Solarix MPPT on aurinkolatauss\u00e4\u00e4timi\u00e4, joissa on maksimitehopisteen seuranta. Ne soveltuvat kaikille yleisimmille moduuliteknologioille ja sopivat erinomaisesti aurinkoj\u00e4rjestelmiin, joissa moduulij\u00e4nnite on suurempi kuin akun j\u00e4nnite. T\u00e4m\u00e4 tarkoittaa erityisesti sit\u00e4, ett\u00e4 verkkoon kytketyiss\u00e4 j\u00e4rjestelmiss\u00e4 k\u00e4ytett\u00e4vi\u00e4 edullisia aurinkos\u00e4hk\u00f6moduuleja voidaan k\u00e4ytt\u00e4\u00e4 my\u00f6s itsen\u00e4isesti.<\/span><\/p>\n<p><span data-sheets-root=\"1\">Stecan tehokas MPP-seuranta-algoritmi tarjoaa aina moduulin suurimman k\u00e4ytt\u00f6kelpoisen tehon ja lis\u00e4\u00e4 siten merkitt\u00e4v\u00e4sti energiantuottoa erityisesti huonoissa s\u00e4\u00e4olosuhteissa (pilvipeite, talvi, hajavalo). Steca Solarix MPPT -latauss\u00e4\u00e4timiss\u00e4 yhdistyv\u00e4t uusin lataustekniikka ja korkea hy\u00f6tysuhde, ammattimainen akun yll\u00e4pito lukuisilla asetusmahdollisuuksilla, moderni muotoilu, erinomaiset suojaustoiminnot ja intuitiivinen LC-n\u00e4ytt\u00f6 valikkonavigoinnilla.<\/span><\/p>\n<\/div>\n<div id=\"productproperty\" class=\"productproperty hdsection bg_grey_full mrgntp-1 pddngtp-2 pddngbt-2\">\n<p><span class=\"pic zoomimagefe\"><img fetchpriority=\"high\" decoding=\"async\" class=\"pic\" src=\"https:\/\/www.kontron-solar.com\/data\/media\/214\/21423_204x280x72x72x100_Steca_Solarix_MPPT_3020_line_drawing_RGB.jpg\" alt=\"Steca Solarix MPPT 3020 line drawing RGB\" width=\"280\" height=\"204\" data-zoompic=\"214\/21423_1166x1600x72x72x100_Steca_Solarix_MPPT_3020_line_drawing_RGB.jpg\" \/><\/span><\/p>\n<h2>Ominaisuudet<\/h2>\n<h3>Tuotteen ominaisuudet<\/h3>\n<ul>\n<li>Maksimitehopisteen j\u00e4ljitin (MPP tracker)<\/li>\n<li>J\u00e4nnitteen ja virran s\u00e4\u00e4t\u00f6<\/li>\n<li>Monivaiheinen lataustekniikka (sopii my\u00f6s litiumakuille)<\/li>\n<li>Automaattinen kuorman uudelleenkytkent\u00e4<\/li>\n<li>L\u00e4mp\u00f6tilan kompensointi<\/li>\n<li>Yhden liittimen positiivinen maadoitus tai useamman liittimen negatiivinen maadoitus mahdollista.<\/li>\n<li>Kuukausittainen tasausmaksu<\/li>\n<\/ul>\n<h3>Elektroniset suojaustoiminnot<\/h3>\n<ul>\n<li>Ylilataussuojaus<\/li>\n<li>Syv\u00e4purkaussuojaus<\/li>\n<li>Moduulin, kuorman ja akun k\u00e4\u00e4nteisnapaussuojaus<\/li>\n<li>K\u00e4\u00e4nteisnapaussuojaus sis\u00e4isell\u00e4 sulakkeella<\/li>\n<li>Automaattinen elektroninen sulake<\/li>\n<li>Oikosulkusuojaus<\/li>\n<li>Ylij\u00e4nnitesuojaus moduulin sis\u00e4\u00e4ntulossa<\/li>\n<li>Avoimen piirin suojaus ilman akkua<\/li>\n<li>Ylil\u00e4mp\u00f6tila- ja ylikuormitussuojaus<\/li>\n<li>Kuorman katkaisu akun ylij\u00e4nnitteen yhteydess\u00e4<\/li>\n<\/ul>\n<h3>N\u00e4ytt\u00e4\u00e4<\/h3>\n<ul>\n<li>Monitoiminen graafinen LC-n\u00e4ytt\u00f6 taustavalaistuna<\/li>\n<\/ul>\n<h3>Operaatio<\/h3>\n<ul>\n<li>Yksinkertainen valikko-ohjattu k\u00e4ytt\u00f6<\/li>\n<\/ul>\n<h3>Liit\u00e4nn\u00e4t<\/h3>\n<ul>\n<li>Avaa Steca RS-232 -liit\u00e4nt\u00e4<\/li>\n<\/ul>\n<\/div>\n<p><strong>Tietolehti:<\/strong> <a href=\"https:\/\/texus.fi\/wp-content\/uploads\/2024\/07\/StecaSolarixMPPTproductdatasheetEN.pdf\">Steca+Solarix+MPPT+productdatasheet+EN<\/a><\/p>\n","protected":false},"excerpt":{"rendered":"<p>Steca Solarix MPPT on aurinkolatauss\u00e4\u00e4timi\u00e4, joissa on maksimitehopisteen seuranta. Ne soveltuvat kaikille yleisimmille moduuliteknologioille ja sopivat erinomaisesti aurinkoj\u00e4rjestelmiin, joissa moduulij\u00e4nnite on suurempi kuin akun j\u00e4nnite. T\u00e4m\u00e4 tarkoittaa erityisesti sit\u00e4, ett\u00e4 verkkoon kytketyiss\u00e4 j\u00e4rjestelmiss\u00e4 k\u00e4ytett\u00e4vi\u00e4 edullisia aurinkos\u00e4hk\u00f6moduuleja voidaan k\u00e4ytt\u00e4\u00e4 my\u00f6s itsen\u00e4isesti. Stecan tehokas MPP-seuranta-algoritmi tarjoaa aina moduulin suurimman k\u00e4ytt\u00f6kelpoisen tehon ja lis\u00e4\u00e4 siten merkitt\u00e4v\u00e4sti energiantuottoa erityisesti [&hellip;]<\/p>\n","protected":false},"featured_media":3271,"comment_status":"open","ping_status":"closed","template":"","meta":[],"product_brand":[],"product_cat":[44,15],"product_tag":[],"class_list":{"0":"post-889","1":"product","2":"type-product","3":"status-publish","4":"has-post-thumbnail","6":"product_cat-aurinkolatauksen-ohjain","7":"product_cat-products","8":"pa_brands-kontron","10":"first","11":"onbackorder","12":"taxable","13":"shipping-taxable","14":"product-type-simple"},"_links":{"self":[{"href":"https:\/\/texus.fi\/fi\/wp-json\/wp\/v2\/product\/889","targetHints":{"allow":["GET"]}}],"collection":[{"href":"https:\/\/texus.fi\/fi\/wp-json\/wp\/v2\/product"}],"about":[{"href":"https:\/\/texus.fi\/fi\/wp-json\/wp\/v2\/types\/product"}],"replies":[{"embeddable":true,"href":"https:\/\/texus.fi\/fi\/wp-json\/wp\/v2\/comments?post=889"}],"wp:featuredmedia":[{"embeddable":true,"href":"https:\/\/texus.fi\/fi\/wp-json\/wp\/v2\/media\/3271"}],"wp:attachment":[{"href":"https:\/\/texus.fi\/fi\/wp-json\/wp\/v2\/media?parent=889"}],"wp:term":[{"taxonomy":"product_brand","embeddable":true,"href":"https:\/\/texus.fi\/fi\/wp-json\/wp\/v2\/product_brand?post=889"},{"taxonomy":"product_cat","embeddable":true,"href":"https:\/\/texus.fi\/fi\/wp-json\/wp\/v2\/product_cat?post=889"},{"taxonomy":"product_tag","embeddable":true,"href":"https:\/\/texus.fi\/fi\/wp-json\/wp\/v2\/product_tag?post=889"}],"curies":[{"name":"wp","href":"https:\/\/api.w.org\/{rel}","templated":true}]}}