{"id":892,"date":"2024-07-30T15:37:38","date_gmt":"2024-07-30T12:37:38","guid":{"rendered":"https:\/\/texus.fi\/?post_type=product&#038;p=892"},"modified":"2025-03-05T14:21:25","modified_gmt":"2025-03-05T11:21:25","slug":"kontron-solar-steca-solsum-0606-0808-1010","status":"publish","type":"product","link":"https:\/\/texus.fi\/fi\/kontron-solar-steca-solsum-0606-0808-1010\/","title":{"rendered":"Steca &#8211; Solsum 0606 | 0808 | 1010"},"content":{"rendered":"<div id=\"productdescription\" class=\"productdescription hdsection\">\n<p><span data-sheets-root=\"1\">Steca Solsum -sukupolvi on yksi menestyneimmist\u00e4 ja yleisimmin k\u00e4ytetyist\u00e4 latauss\u00e4\u00e4timist\u00e4 aurinkokotij\u00e4rjestelmiss\u00e4. Jopa 10 A:n kuormitusvirran ja automaattisen 12 V:n tai 24 V:n kytkenn\u00e4n ansiosta se soveltuu erinomaisesti enint\u00e4\u00e4n 240 W:n tehoisille laitteille.<\/span><\/p>\n<p><span data-sheets-root=\"1\">Painettu piirilevy on t\u00e4ysin elektronisesti suojattu, ja LED-n\u00e4yt\u00f6n avulla akun tila on helposti luettavissa. Liittimien avulla aurinkopaneelit, akku ja kuorma voidaan liitt\u00e4\u00e4 helposti. Steca Solsum F toimii energiatehokkaana PWM:\u00e4\u00e4n perustuvana sarjaohjaimena.<\/span><\/p>\n<\/div>\n<div id=\"productproperty\" class=\"productproperty hdsection bg_grey_full mrgntp-1 pddngtp-2 pddngbt-2\">\n<p><span class=\"pic zoomimagefe\"><img fetchpriority=\"high\" decoding=\"async\" class=\"pic\" src=\"https:\/\/www.kontron-solar.com\/data\/media\/216\/21637_198x280x72x72x100_solsum_0606_bohrung.jpg\" alt=\"solsum 0606 bohrung\" width=\"280\" height=\"198\" data-zoompic=\"216\/21637_1131x1600x72x72x100_solsum_0606_bohrung.jpg\" \/><\/span><\/p>\n<h2>Ominaisuudet<\/h2>\n<h3>Tuotteen ominaisuudet<\/h3>\n<ul>\n<li>Sarjatopologia MOSFETien kanssa<\/li>\n<li>J\u00e4nnitteen automaattinen tunnistaminen<\/li>\n<li>J\u00e4nnitteen s\u00e4\u00e4t\u00f6<\/li>\n<li>PWM-ohjaus<\/li>\n<li>Monivaiheinen lataustekniikka<\/li>\n<li>Virtakompensoitu kuorman katkaisu<\/li>\n<li>Automaattinen kuorman uudelleenkytkent\u00e4<\/li>\n<li>L\u00e4mp\u00f6tilan kompensointi<\/li>\n<li>Yhden liittimen negatiivinen maadoitus tai useamman liittimen positiivinen maadoitus mahdollista.<\/li>\n<li>Kuukausittainen tasausmaksu<\/li>\n<\/ul>\n<h3>Elektroniset suojaustoiminnot<\/h3>\n<ul>\n<li>Ylilataussuojaus<\/li>\n<li>Syv\u00e4purkaussuojaus<\/li>\n<li>Moduulin (\u226436 V), kuorman ja akun k\u00e4\u00e4nteinen napaisuussuojaus<\/li>\n<li>Automaattinen elektroninen sulake<\/li>\n<li>Kuorman ja moduulin oikosulkusuojaus<\/li>\n<li>Ylij\u00e4nnitesuojaus moduulin sis\u00e4\u00e4ntulossa<\/li>\n<li>Avoimen piirin suojaus ilman akkua<\/li>\n<li>K\u00e4\u00e4nteisvirtasuojaus y\u00f6ll\u00e4<\/li>\n<li>Ylil\u00e4mp\u00f6tila- ja ylikuormitussuojaus<\/li>\n<li>Kuorman katkaisu akun ylij\u00e4nnitteen yhteydess\u00e4<\/li>\n<\/ul>\n<h3>N\u00e4ytt\u00e4\u00e4<\/h3>\n<ul>\n<li>Monitoiminen LED-n\u00e4ytt\u00f6<\/li>\n<li>Moniv\u00e4rinen LED<\/li>\n<li>4 LEDi\u00e4 n\u00e4ytt\u00e4\u00e4 toimintatilat<\/li>\n<li>toimintaa, varaustilaa ja vikailmoituksia varten<\/li>\n<\/ul>\n<h3>Vaihtoehdot<\/h3>\n<ul>\n<li>Ilta- tai y\u00f6valotoiminto esiasetettu tehtaalla tai s\u00e4\u00e4dett\u00e4viss\u00e4 Steca PA RC 100:n kautta.<\/li>\n<li>Toimintoarvojen parametrointi Steca PA RC 100:n kautta<\/li>\n<\/ul>\n<h3>Todistukset<\/h3>\n<ul>\n<li>Eurooppalaisten standardien mukainen (CE)<\/li>\n<li>RoHS-yhteensopiva<\/li>\n<li>Valmistettu EU:ssa<\/li>\n<li>Valmistettu ISO 9001 ja ISO 14001 -standardien mukaisesti.<\/li>\n<\/ul>\n<h3>Tarvikkeet<\/h3>\n<ul>\n<li>Steca PA RC100<\/li>\n<\/ul>\n<p><strong>Tietolehti:<\/strong> <a href=\"https:\/\/texus.fi\/wp-content\/uploads\/2024\/07\/StecaSolsum0606_0808_1010productdatasheetEN-1.pdf\">Steca+Solsum+0606+_+0808+_+1010+productdatasheet+EN (1)<\/a><\/p>\n<\/div>\n","protected":false},"excerpt":{"rendered":"<p>Steca Solsum -sukupolvi on yksi menestyneimmist\u00e4 ja yleisimmin k\u00e4ytetyist\u00e4 latauss\u00e4\u00e4timist\u00e4 aurinkokotij\u00e4rjestelmiss\u00e4. Jopa 10 A:n kuormitusvirran ja automaattisen 12 V:n tai 24 V:n kytkenn\u00e4n ansiosta se soveltuu erinomaisesti enint\u00e4\u00e4n 240 W:n tehoisille laitteille. Painettu piirilevy on t\u00e4ysin elektronisesti suojattu, ja LED-n\u00e4yt\u00f6n avulla akun tila on helposti luettavissa. Liittimien avulla aurinkopaneelit, akku ja kuorma voidaan liitt\u00e4\u00e4 helposti. [&hellip;]<\/p>\n","protected":false},"featured_media":3274,"comment_status":"open","ping_status":"closed","template":"","meta":[],"product_brand":[],"product_cat":[44,15],"product_tag":[],"class_list":{"0":"post-892","1":"product","2":"type-product","3":"status-publish","4":"has-post-thumbnail","6":"product_cat-aurinkolatauksen-ohjain","7":"product_cat-products","8":"pa_brands-kontron","10":"first","11":"onbackorder","12":"taxable","13":"shipping-taxable","14":"product-type-simple"},"_links":{"self":[{"href":"https:\/\/texus.fi\/fi\/wp-json\/wp\/v2\/product\/892","targetHints":{"allow":["GET"]}}],"collection":[{"href":"https:\/\/texus.fi\/fi\/wp-json\/wp\/v2\/product"}],"about":[{"href":"https:\/\/texus.fi\/fi\/wp-json\/wp\/v2\/types\/product"}],"replies":[{"embeddable":true,"href":"https:\/\/texus.fi\/fi\/wp-json\/wp\/v2\/comments?post=892"}],"wp:featuredmedia":[{"embeddable":true,"href":"https:\/\/texus.fi\/fi\/wp-json\/wp\/v2\/media\/3274"}],"wp:attachment":[{"href":"https:\/\/texus.fi\/fi\/wp-json\/wp\/v2\/media?parent=892"}],"wp:term":[{"taxonomy":"product_brand","embeddable":true,"href":"https:\/\/texus.fi\/fi\/wp-json\/wp\/v2\/product_brand?post=892"},{"taxonomy":"product_cat","embeddable":true,"href":"https:\/\/texus.fi\/fi\/wp-json\/wp\/v2\/product_cat?post=892"},{"taxonomy":"product_tag","embeddable":true,"href":"https:\/\/texus.fi\/fi\/wp-json\/wp\/v2\/product_tag?post=892"}],"curies":[{"name":"wp","href":"https:\/\/api.w.org\/{rel}","templated":true}]}}