{"id":898,"date":"2024-07-30T15:41:38","date_gmt":"2024-07-30T12:41:38","guid":{"rendered":"https:\/\/texus.fi\/?post_type=product&#038;p=898"},"modified":"2025-03-05T14:21:23","modified_gmt":"2025-03-05T11:21:23","slug":"kontron-solar-steca-solsum-2525-4040","status":"publish","type":"product","link":"https:\/\/texus.fi\/fi\/kontron-solar-steca-solsum-2525-4040\/","title":{"rendered":"Steca &#8211; Solsum 2525 | 4040"},"content":{"rendered":"<div id=\"productdescription\" class=\"productdescription hdsection\">\n<p><span data-sheets-root=\"1\">Steca Solsum 2525 ja 4040 -aurinkolatauss\u00e4\u00e4timet ovat maailmanlaajuisesti suositun Solarix PRS -ohjainperheemme jatkokehitys. Suuremman moduuli- ja kuormitusvirran ansiosta ne soveltuvat nyt my\u00f6s entist\u00e4 suurempiin j\u00e4rjestelmiin. Laitteissa on my\u00f6s integroitu USB-latauspistoke, jota voidaan k\u00e4ytt\u00e4\u00e4 \u00e4lypuhelinten ja tablettien lataamiseen. Ne tarjoavat vaikuttavan yksinkertaisuuden, suorituskyvyn ja ly\u00f6m\u00e4tt\u00f6m\u00e4n hinta-laatusuhteen.<\/span><\/p>\n<p><span data-sheets-root=\"1\">Useat eriv\u00e4riset LED-valot kertovat akun varaustilan yhdell\u00e4 silm\u00e4yksell\u00e4. Nykyaikaisia Steca-algoritmeja k\u00e4ytet\u00e4\u00e4n akun optimaalisen yll\u00e4pidon varmistamiseksi. Steca Solsum -latauss\u00e4\u00e4timet on varustettu elektronisella sulakkeella, joka tarjoaa ihanteellisen suojan. Ne toimivat sarjaperiaatteella ja erottavat aurinkomoduulin ja akun toisistaan ylilataukselta suojaamiseksi.<\/span><\/p>\n<p><span data-sheets-root=\"1\">Suurempia hankkeita varten latauss\u00e4\u00e4timet voidaan varustaa my\u00f6s erikoistoiminnoilla, esimerkiksi y\u00f6valotoiminnolla ja valittavilla latauksen lopetus- ja syv\u00e4purkaussuojaj\u00e4nnitteill\u00e4.<\/span><\/p>\n<\/div>\n<div id=\"productproperty\" class=\"productproperty hdsection bg_grey_full mrgntp-1 pddngtp-2 pddngbt-2\">\n<p><span class=\"pic zoomimagefe\"><img fetchpriority=\"high\" decoding=\"async\" class=\"pic\" src=\"https:\/\/www.kontron-solar.com\/data\/media\/204\/20418_230x280x72x72x100_Steca_Solsum_technische_Zeichnung.jpg\" alt=\"Steca Solsum technische Zeichnung\" width=\"280\" height=\"230\" data-zoompic=\"204\/20418_558x680x72x72x100_Steca_Solsum_technische_Zeichnung.jpg\" \/><\/span><\/p>\n<h2>Ominaisuudet<\/h2>\n<h3>Tuotteen ominaisuudet<\/h3>\n<p>Sarjatopologia MOSFETien kanssa<\/p>\n<ul>\n<li>J\u00e4nnitteen automaattinen tunnistaminen<\/li>\n<li>J\u00e4nnitteen s\u00e4\u00e4t\u00f6<\/li>\n<li>PWM-ohjaus<\/li>\n<li>Monivaiheinen lataustekniikka<\/li>\n<li>Virtakompensoitu kuorman katkaisu<\/li>\n<li>Automaattinen kuorman uudelleenkytkent\u00e4<\/li>\n<li>L\u00e4mp\u00f6tilan kompensointi<\/li>\n<li>Yhden liittimen negatiivinen maadoitus tai useamman liittimen positiivinen maadoitus mahdollista.<\/li>\n<li>Kuukausittainen tasausmaksu<\/li>\n<li>USB-latauspistoke \u00e4lypuhelimille ja tableteille<\/li>\n<\/ul>\n<h3>Elektroniset suojaustoiminnot<\/h3>\n<ul>\n<li>Ylilataussuojaus<\/li>\n<li>Syv\u00e4purkaussuojaus<\/li>\n<li>Moduulin (\u226436 V), kuorman ja akun k\u00e4\u00e4nteinen napaisuussuojaus<\/li>\n<li>Automaattinen elektroninen sulake<\/li>\n<li>Kuorman ja moduulin oikosulkusuojaus<\/li>\n<li>Ylij\u00e4nnitesuojaus moduulin sis\u00e4\u00e4ntulossa<\/li>\n<li>Avoimen piirin suojaus ilman akkua<\/li>\n<li>K\u00e4\u00e4nteisvirtasuojaus y\u00f6ll\u00e4<\/li>\n<li>Ylil\u00e4mp\u00f6tila- ja ylikuormitussuojaus<\/li>\n<li>Kuorman katkaisu akun ylij\u00e4nnitteen yhteydess\u00e4<\/li>\n<\/ul>\n<h3>N\u00e4ytt\u00e4\u00e4<\/h3>\n<ul>\n<li>Monitoiminen LED-n\u00e4ytt\u00f6<\/li>\n<li>Moniv\u00e4rinen LED<\/li>\n<li>4 LEDi\u00e4 n\u00e4ytt\u00e4\u00e4 toimintatilat<\/li>\n<li>toimintaa, varaustilaa ja vikailmoituksia varten<\/li>\n<\/ul>\n<h3>Vaihtoehdot<\/h3>\n<ul>\n<li>Ilta- tai y\u00f6valotoiminto esiasetettu tehtaalla tai s\u00e4\u00e4dett\u00e4viss\u00e4 Steca PA RC 100:n kautta.<\/li>\n<li>Toimintoarvojen parametrointi Steca PA RC 100:n kautta<\/li>\n<\/ul>\n<h3>Todistukset<\/h3>\n<ul>\n<li>Eurooppalaisten standardien mukainen (CE)<\/li>\n<li>RoHS-yhteensopiva<\/li>\n<li>Valmistettu EU:ssa<\/li>\n<li>Valmistettu ISO 9001 ja ISO 14001 -standardien mukaisesti.<\/li>\n<\/ul>\n<h3>Tarvikkeet<\/h3>\n<ul>\n<li>Steca PA RC100<\/li>\n<\/ul>\n<p><strong>Tietolehti:<\/strong> <a href=\"https:\/\/texus.fi\/wp-content\/uploads\/2024\/07\/StecaSolsum2525_4040productdatasheetEN.pdf\">Steca+Solsum+2525+_+4040+productdatasheet+EN<\/a><\/p>\n<\/div>\n","protected":false},"excerpt":{"rendered":"<p>Steca Solsum 2525 ja 4040 -aurinkolatauss\u00e4\u00e4timet ovat maailmanlaajuisesti suositun Solarix PRS -ohjainperheemme jatkokehitys. Suuremman moduuli- ja kuormitusvirran ansiosta ne soveltuvat nyt my\u00f6s entist\u00e4 suurempiin j\u00e4rjestelmiin. Laitteissa on my\u00f6s integroitu USB-latauspistoke, jota voidaan k\u00e4ytt\u00e4\u00e4 \u00e4lypuhelinten ja tablettien lataamiseen. Ne tarjoavat vaikuttavan yksinkertaisuuden, suorituskyvyn ja ly\u00f6m\u00e4tt\u00f6m\u00e4n hinta-laatusuhteen. Useat eriv\u00e4riset LED-valot kertovat akun varaustilan yhdell\u00e4 silm\u00e4yksell\u00e4. Nykyaikaisia Steca-algoritmeja [&hellip;]<\/p>\n","protected":false},"featured_media":3275,"comment_status":"open","ping_status":"closed","template":"","meta":[],"product_brand":[],"product_cat":[15],"product_tag":[],"class_list":{"0":"post-898","1":"product","2":"type-product","3":"status-publish","4":"has-post-thumbnail","6":"product_cat-products","7":"pa_brands-kontron","9":"first","10":"onbackorder","11":"taxable","12":"shipping-taxable","13":"product-type-simple"},"_links":{"self":[{"href":"https:\/\/texus.fi\/fi\/wp-json\/wp\/v2\/product\/898","targetHints":{"allow":["GET"]}}],"collection":[{"href":"https:\/\/texus.fi\/fi\/wp-json\/wp\/v2\/product"}],"about":[{"href":"https:\/\/texus.fi\/fi\/wp-json\/wp\/v2\/types\/product"}],"replies":[{"embeddable":true,"href":"https:\/\/texus.fi\/fi\/wp-json\/wp\/v2\/comments?post=898"}],"wp:featuredmedia":[{"embeddable":true,"href":"https:\/\/texus.fi\/fi\/wp-json\/wp\/v2\/media\/3275"}],"wp:attachment":[{"href":"https:\/\/texus.fi\/fi\/wp-json\/wp\/v2\/media?parent=898"}],"wp:term":[{"taxonomy":"product_brand","embeddable":true,"href":"https:\/\/texus.fi\/fi\/wp-json\/wp\/v2\/product_brand?post=898"},{"taxonomy":"product_cat","embeddable":true,"href":"https:\/\/texus.fi\/fi\/wp-json\/wp\/v2\/product_cat?post=898"},{"taxonomy":"product_tag","embeddable":true,"href":"https:\/\/texus.fi\/fi\/wp-json\/wp\/v2\/product_tag?post=898"}],"curies":[{"name":"wp","href":"https:\/\/api.w.org\/{rel}","templated":true}]}}