{"id":901,"date":"2024-07-30T15:47:29","date_gmt":"2024-07-30T12:47:29","guid":{"rendered":"https:\/\/texus.fi\/?post_type=product&#038;p=901"},"modified":"2025-03-05T14:21:21","modified_gmt":"2025-03-05T11:21:21","slug":"steca-solarix-pli","status":"publish","type":"product","link":"https:\/\/texus.fi\/fi\/steca-solarix-pli\/","title":{"rendered":"Steca &#8211; Solarix PLI"},"content":{"rendered":"<p><span data-sheets-root=\"1\">All-in-one-paketti: Sy\u00f6tt\u00e4\u00e4 kuluttajat, lataa akut, mahdollistaa yhteyden s\u00e4hk\u00f6verkkoon.<\/span><\/p>\n<div id=\"productdescription\" class=\"productdescription hdsection\">\n<p><span data-sheets-root=\"1\">Steca Solarix PLI on Kontron Solar GmbH:n ensimm\u00e4inen tuote, joka tarjoaa kokonaispaketin. Sen avulla k\u00e4ytt\u00e4j\u00e4t voivat sy\u00f6tt\u00e4\u00e4 kuluttajille 230 V:n vaihtovirtaa, ladata akun integroidulla MPPT-latauss\u00e4\u00e4timell\u00e4 ja liitt\u00e4\u00e4 sen samalla generaattoriin tai k\u00e4ytett\u00e4viss\u00e4 olevaan s\u00e4hk\u00f6verkkoon. Kaikki yhdess\u00e4 laitteessa. T\u00e4m\u00e4 tarkoittaa, ett\u00e4 esimerkiksi aurinkoenergia voi olla ensisijainen virtal\u00e4hde. Ja jos se ei riit\u00e4, generaattori voidaan k\u00e4ynnist\u00e4\u00e4 tai sy\u00f6tt\u00f6 voidaan kytke\u00e4 julkiseen verkkoon. Samalla akku voidaan ladata joko generaattorista tai s\u00e4hk\u00f6verkosta.<\/span><\/p>\n<p><span data-sheets-root=\"1\">Solarix PLI toimii my\u00f6s keskeytym\u00e4tt\u00f6m\u00e4n\u00e4 virtal\u00e4hteen\u00e4, sill\u00e4 sen eritt\u00e4in nopea, jopa 10 ms:n vaihtoaika ja joustava energiaprioriteetin valinta mahdollistavat sen k\u00e4yt\u00f6n. Kaksinkertaisen ylikuormituskyvyn ansiosta my\u00f6s vaikeat kuormat, kuten suuret vaihtovirtamoottorit, voidaan k\u00e4ynnist\u00e4\u00e4 luotettavasti. Integroidun latauss\u00e4\u00e4timen maksimitehopisteen seuranta varmistaa, ett\u00e4 my\u00f6s ep\u00e4suotuisissa s\u00e4\u00e4olosuhteissa aurinkos\u00e4hk\u00f6moduuleista saadaan suurin mahdollinen teho, jotta akku voidaan ladata optimaalisesti ja samalla toimittaa s\u00e4hk\u00f6\u00e4 kuluttajille.<\/span><\/p>\n<p><span data-sheets-root=\"1\">UUTUUS: Fernlite &#8211; valvontaratkaisu PLI-verkkovaihtosuuntaajille. Valvonta mahdollistaa suurten aurinkos\u00e4hk\u00f6j\u00e4rjestelmien tehokkaan keskitetyn k\u00e4yt\u00f6n ja hallinnan.<\/span><\/p>\n<\/div>\n<div id=\"productproperty\" class=\"productproperty hdsection bg_grey_full mrgntp-1 pddngtp-2 pddngbt-2\">\n<p><span class=\"pic zoomimagefe\"><img fetchpriority=\"high\" decoding=\"async\" class=\"pic\" src=\"https:\/\/www.kontron-solar.com\/data\/media\/210\/21050_229x280x72x72x100_Unbenannt.jpg\" alt=\"Unbenannt\" width=\"280\" height=\"229\" data-zoompic=\"210\/21050_565x691x72x72x100_Unbenannt.jpg\" \/><\/span><\/p>\n<h2>Ominaisuudet<\/h2>\n<h3>Tuotteen ominaisuudet<\/h3>\n<ul>\n<li>Todellinen siniaaltoj\u00e4nnite<\/li>\n<li>Korkea ylikuormituskapasiteetti<\/li>\n<li>Integroitu MPP-seurantalaite<\/li>\n<li>Monivaiheinen lataustekniikka<\/li>\n<li>Kuukausittainen tasausmaksu<\/li>\n<li>Apukosketin generaattorin k\u00e4ynnist\u00e4mist\u00e4 varten<\/li>\n<li>S\u00e4\u00e4dett\u00e4v\u00e4t katkaisuj\u00e4nnitteet<\/li>\n<li>Akkutyyppi: geeli- \/ nestem\u00e4inen lyijyakku<\/li>\n<li>Kevyt rakenne<\/li>\n<li>Helppo asennus<\/li>\n<\/ul>\n<h3>Elektroniset suojaustoiminnot<\/h3>\n<ul>\n<li>Ylilatausszuojaus<\/li>\n<li>Moduulien suojaus k\u00e4\u00e4nteist\u00e4 napaisuutta vastaan, akun suojaus sulakkeen avulla.<\/li>\n<li>Syv\u00e4purkaussuojaus<\/li>\n<li>Kuorman ja moduulin oikosulkusuojaus<\/li>\n<li>K\u00e4\u00e4nteisnapaussuojaus sis\u00e4isell\u00e4 sulakkeella<\/li>\n<li>K\u00e4\u00e4nteisvirtasuojaus y\u00f6ll\u00e4<\/li>\n<li>Ylil\u00e4mp\u00f6tila- ja ylikuormitussuojaus<\/li>\n<li>Akustinen h\u00e4lytys<\/li>\n<li>PE-liit\u00e4nt\u00e4<\/li>\n<\/ul>\n<h3>N\u00e4ytt\u00e4\u00e4<\/h3>\n<ul>\n<li>Graafinen LC-n\u00e4ytt\u00f6<\/li>\n<li>3 moniv\u00e4rist\u00e4 LEDi\u00e4 n\u00e4ytt\u00e4\u00e4 toimintatilat<\/li>\n<\/ul>\n<h3>Operaatio<\/h3>\n<ul>\n<li>Yksinkertainen valikko-ohjattu k\u00e4ytt\u00f6<\/li>\n<li>Ohjelmointi painikkeiden mukaan<\/li>\n<\/ul>\n<h3>Liit\u00e4nn\u00e4t<\/h3>\n<ul>\n<li>RS-232-sarjaliit\u00e4nt\u00e4 tietokoneeseen<\/li>\n<\/ul>\n<h3>Vaihtoehdot<\/h3>\n<ul>\n<li>Yhdistett\u00e4viss\u00e4 rinnakkain tai kolmivaiheisesti (tarvitaan rinnakkaissarja).<\/li>\n<\/ul>\n<h3>Todistukset<\/h3>\n<ul>\n<li>Eurooppalaisten standardien mukainen (CE)<\/li>\n<li>RoHS-yhteensopiva<\/li>\n<li>Valmistettu ISO 9001 ja ISO 14001 -standardien mukaisesti.<\/li>\n<\/ul>\n<p><strong>Tietolehti:<\/strong> <a href=\"https:\/\/texus.fi\/wp-content\/uploads\/2024\/07\/StecaSolarixPLIproductdatasheetEN.pdf\">Steca+Solarix+PLI+productdatasheet+EN<\/a><\/p>\n<\/div>\n","protected":false},"excerpt":{"rendered":"<p>All-in-one-paketti: Sy\u00f6tt\u00e4\u00e4 kuluttajat, lataa akut, mahdollistaa yhteyden s\u00e4hk\u00f6verkkoon. Steca Solarix PLI on Kontron Solar GmbH:n ensimm\u00e4inen tuote, joka tarjoaa kokonaispaketin. Sen avulla k\u00e4ytt\u00e4j\u00e4t voivat sy\u00f6tt\u00e4\u00e4 kuluttajille 230 V:n vaihtovirtaa, ladata akun integroidulla MPPT-latauss\u00e4\u00e4timell\u00e4 ja liitt\u00e4\u00e4 sen samalla generaattoriin tai k\u00e4ytett\u00e4viss\u00e4 olevaan s\u00e4hk\u00f6verkkoon. Kaikki yhdess\u00e4 laitteessa. T\u00e4m\u00e4 tarkoittaa, ett\u00e4 esimerkiksi aurinkoenergia voi olla ensisijainen virtal\u00e4hde. Ja [&hellip;]<\/p>\n","protected":false},"featured_media":903,"comment_status":"open","ping_status":"closed","template":"","meta":[],"product_brand":[],"product_cat":[36,15,45],"product_tag":[],"class_list":{"0":"post-901","1":"product","2":"type-product","3":"status-publish","4":"has-post-thumbnail","6":"product_cat-invertterit","7":"product_cat-products","8":"product_cat-siniaaltoinvertterit","9":"pa_brands-kontron","11":"first","12":"onbackorder","13":"taxable","14":"shipping-taxable","15":"product-type-simple"},"_links":{"self":[{"href":"https:\/\/texus.fi\/fi\/wp-json\/wp\/v2\/product\/901","targetHints":{"allow":["GET"]}}],"collection":[{"href":"https:\/\/texus.fi\/fi\/wp-json\/wp\/v2\/product"}],"about":[{"href":"https:\/\/texus.fi\/fi\/wp-json\/wp\/v2\/types\/product"}],"replies":[{"embeddable":true,"href":"https:\/\/texus.fi\/fi\/wp-json\/wp\/v2\/comments?post=901"}],"wp:featuredmedia":[{"embeddable":true,"href":"https:\/\/texus.fi\/fi\/wp-json\/wp\/v2\/media\/903"}],"wp:attachment":[{"href":"https:\/\/texus.fi\/fi\/wp-json\/wp\/v2\/media?parent=901"}],"wp:term":[{"taxonomy":"product_brand","embeddable":true,"href":"https:\/\/texus.fi\/fi\/wp-json\/wp\/v2\/product_brand?post=901"},{"taxonomy":"product_cat","embeddable":true,"href":"https:\/\/texus.fi\/fi\/wp-json\/wp\/v2\/product_cat?post=901"},{"taxonomy":"product_tag","embeddable":true,"href":"https:\/\/texus.fi\/fi\/wp-json\/wp\/v2\/product_tag?post=901"}],"curies":[{"name":"wp","href":"https:\/\/api.w.org\/{rel}","templated":true}]}}