{"id":904,"date":"2024-08-13T10:38:30","date_gmt":"2024-08-13T07:38:30","guid":{"rendered":"https:\/\/texus.fi\/?post_type=product&#038;p=904"},"modified":"2025-03-05T14:20:03","modified_gmt":"2025-03-05T11:20:03","slug":"steca-aj","status":"publish","type":"product","link":"https:\/\/texus.fi\/fi\/steca-aj\/","title":{"rendered":"Steca &#8211; AJ"},"content":{"rendered":"<p><span data-sheets-root=\"1\">Vaihtosuuntaajat, joissa on eri tasaj\u00e4nnitteit\u00e4 ja erilaisia teholuokkia.<\/span><\/p>\n<div id=\"productdescription\" class=\"productdescription hdsection\">\n<p><span data-sheets-root=\"1\">Steca AJ -taajuusmuuttajasarjalle on ominaista ennen kaikkea k\u00e4ytett\u00e4viss\u00e4 olevien teholuokkien ja eri tasaj\u00e4nnitteiden valikoima.<\/span><\/p>\n<p><span data-sheets-root=\"1\">T\u00e4m\u00e4 tarkoittaa, ett\u00e4 jokaiseen sovellukseen voidaan valita ihanteellinen taajuusmuuttaja. Akun ja kuormien liitt\u00e4miseen tarkoitetut kaapelit on jo valmiiksi asennettu Steca AJ:ss\u00e4, ja ne helpottavat laitteen asennusta. Automaattinen valmiustila v\u00e4hent\u00e4\u00e4 merkitt\u00e4v\u00e4sti invertterin omaa kulutusta. Steca AJ -taajuusmuuttajien erinomainen ylikuormituskapasiteetti takaa, ett\u00e4 kriittisi\u00e4kin kuormia voidaan k\u00e4ytt\u00e4\u00e4 ongelmitta.<\/span><\/p>\n<\/div>\n<div id=\"productproperty\" class=\"productproperty hdsection bg_grey_full mrgntp-1 pddngtp-2 pddngbt-2\">\n<p><span class=\"pic zoomimagefe\"><img fetchpriority=\"high\" decoding=\"async\" class=\"pic\" src=\"https:\/\/www.kontron-solar.com\/data\/media\/186\/18650_224x280x72x72x100_Steca_AJ_technische_Zeichnung.jpg\" alt=\"Steca AJ technische Zeichnung\" width=\"280\" height=\"224\" data-zoompic=\"186\/18650_1278x1600x72x72x100_Steca_AJ_technische_Zeichnung.jpg\" \/><\/span><\/p>\n<h2><span data-sheets-root=\"1\">Ominaisuudet<\/span><\/h2>\n<h3 class=\"technicaldatatabletitle\"><span data-sheets-root=\"1\">Tuotteen ominaisuudet<\/span><\/h3>\n<ul class=\"technicaldataul\">\n<li><span data-sheets-root=\"1\">Todellinen siniaaltoj\u00e4nnite<\/span><\/li>\n<li><span data-sheets-root=\"1\">Erinomaiset ylikuormitusominaisuudet<\/span><\/li>\n<li><span data-sheets-root=\"1\">Optimaalinen akun suojaus<\/span><\/li>\n<li><span data-sheets-root=\"1\">Automaattinen kuorman tunnistus<\/span><\/li>\n<li><span data-sheets-root=\"1\">Paras luotettavuus<\/span><\/li>\n<\/ul>\n<h3 class=\"technicaldatatabletitle\"><span data-sheets-root=\"1\">Elektroniset suojaustoiminnot<\/span><\/h3>\n<ul class=\"technicaldataul\">\n<li><span data-sheets-root=\"1\">Syv\u00e4purkaussuojaus<\/span><\/li>\n<li><span data-sheets-root=\"1\">Akun ylij\u00e4nnitteen sammutus<\/span><\/li>\n<li><span data-sheets-root=\"1\">Oikosulkusuojaus<\/span><\/li>\n<li><span data-sheets-root=\"1\">Ylil\u00e4mp\u00f6tila- ja ylikuormitussuojaus<\/span><\/li>\n<li><span data-sheets-root=\"1\">K\u00e4\u00e4nteisnapaussuojaus sis\u00e4isell\u00e4 sulakkeella (paitsi Steca AJ 2100-12)<\/span><\/li>\n<li><span data-sheets-root=\"1\">Akustinen h\u00e4lytys syv\u00e4purkauksen tai ylikuumenemisen yhteydess\u00e4<\/span><\/li>\n<\/ul>\n<h3 class=\"technicaldatatabletitle\"><span data-sheets-root=\"1\">N\u00e4ytt\u00e4\u00e4<\/span><\/h3>\n<ul class=\"technicaldataul\">\n<li><span data-sheets-root=\"1\">Moniv\u00e4rinen LED n\u00e4ytt\u00e4\u00e4 toimintatilat<\/span><\/li>\n<\/ul>\n<h3 class=\"technicaldatatabletitle\"><span data-sheets-root=\"1\">Operaatio<\/span><\/h3>\n<ul class=\"technicaldataul\">\n<li><span data-sheets-root=\"1\">P\u00e4\u00e4kytkin<\/span><\/li>\n<li><span data-sheets-root=\"1\">S\u00e4\u00e4dett\u00e4v\u00e4 kuorman tunnistus<\/span><\/li>\n<\/ul>\n<h3 class=\"technicaldatatabletitle\"><span data-sheets-root=\"1\">Vaihtoehdot<\/span><\/h3>\n<ul class=\"technicaldataul\">\n<li><span data-sheets-root=\"1\">Tyypit, joissa on 115 V \/ 50 Hz, 115 V \/ 60 Hz tai 230 V \/ 60 Hz<\/span><\/li>\n<li><span data-sheets-root=\"1\">Malli, jossa on suojaava lakattu emolevy<\/span><\/li>\n<li><span data-sheets-root=\"1\">Kaukos\u00e4\u00e4din JT8 (On\/Off, LED) liitett\u00e4v\u00e4ksi Steca AJ 1000-12 &#8211; Steca AJ 2400-24 -laitteisiin<\/span><\/li>\n<\/ul>\n<h3 class=\"technicaldatatabletitle\"><span data-sheets-root=\"1\">Todistukset<\/span><\/h3>\n<ul class=\"technicaldataul\">\n<li><span data-sheets-root=\"1\">Eurooppalaisten standardien mukainen (CE)<\/span><\/li>\n<li><span data-sheets-root=\"1\">RoHS-yhteensopiva<\/span><\/li>\n<li><span data-sheets-root=\"1\">Valmistettu Euroopassa<\/span><\/li>\n<\/ul>\n<p>Tietolehti: <a href=\"https:\/\/texus.fi\/wp-content\/uploads\/2024\/07\/StecaAJproductdatasheetEN.pdf\">Steca+AJ+productdatasheet+EN<\/a><\/p>\n<\/div>\n","protected":false},"excerpt":{"rendered":"<p>Vaihtosuuntaajat, joissa on eri tasaj\u00e4nnitteit\u00e4 ja erilaisia teholuokkia. Steca AJ -taajuusmuuttajasarjalle on ominaista ennen kaikkea k\u00e4ytett\u00e4viss\u00e4 olevien teholuokkien ja eri tasaj\u00e4nnitteiden valikoima. T\u00e4m\u00e4 tarkoittaa, ett\u00e4 jokaiseen sovellukseen voidaan valita ihanteellinen taajuusmuuttaja. Akun ja kuormien liitt\u00e4miseen tarkoitetut kaapelit on jo valmiiksi asennettu Steca AJ:ss\u00e4, ja ne helpottavat laitteen asennusta. Automaattinen valmiustila v\u00e4hent\u00e4\u00e4 merkitt\u00e4v\u00e4sti invertterin omaa kulutusta. [&hellip;]<\/p>\n","protected":false},"featured_media":3270,"comment_status":"open","ping_status":"closed","template":"","meta":[],"product_brand":[],"product_cat":[36,15,45],"product_tag":[],"class_list":{"0":"post-904","1":"product","2":"type-product","3":"status-publish","4":"has-post-thumbnail","6":"product_cat-invertterit","7":"product_cat-products","8":"product_cat-siniaaltoinvertterit","9":"pa_brands-kontron","11":"first","12":"onbackorder","13":"taxable","14":"shipping-taxable","15":"product-type-simple"},"_links":{"self":[{"href":"https:\/\/texus.fi\/fi\/wp-json\/wp\/v2\/product\/904","targetHints":{"allow":["GET"]}}],"collection":[{"href":"https:\/\/texus.fi\/fi\/wp-json\/wp\/v2\/product"}],"about":[{"href":"https:\/\/texus.fi\/fi\/wp-json\/wp\/v2\/types\/product"}],"replies":[{"embeddable":true,"href":"https:\/\/texus.fi\/fi\/wp-json\/wp\/v2\/comments?post=904"}],"wp:featuredmedia":[{"embeddable":true,"href":"https:\/\/texus.fi\/fi\/wp-json\/wp\/v2\/media\/3270"}],"wp:attachment":[{"href":"https:\/\/texus.fi\/fi\/wp-json\/wp\/v2\/media?parent=904"}],"wp:term":[{"taxonomy":"product_brand","embeddable":true,"href":"https:\/\/texus.fi\/fi\/wp-json\/wp\/v2\/product_brand?post=904"},{"taxonomy":"product_cat","embeddable":true,"href":"https:\/\/texus.fi\/fi\/wp-json\/wp\/v2\/product_cat?post=904"},{"taxonomy":"product_tag","embeddable":true,"href":"https:\/\/texus.fi\/fi\/wp-json\/wp\/v2\/product_tag?post=904"}],"curies":[{"name":"wp","href":"https:\/\/api.w.org\/{rel}","templated":true}]}}