{"id":907,"date":"2024-07-30T15:54:10","date_gmt":"2024-07-30T12:54:10","guid":{"rendered":"https:\/\/texus.fi\/?post_type=product&#038;p=907"},"modified":"2025-03-05T14:21:20","modified_gmt":"2025-03-05T11:21:20","slug":"steca-xtender","status":"publish","type":"product","link":"https:\/\/texus.fi\/fi\/steca-xtender\/","title":{"rendered":"Steca &#8211; Xtender"},"content":{"rendered":"<p><span data-sheets-root=\"1\">Invertterin ja akkulaturin yhdistelm\u00e4, jossa on kytkent\u00e4toiminto<\/span><\/p>\n<div id=\"productdescription\" class=\"productdescription hdsection\">\n<p><span data-sheets-root=\"1\">Steca Xtender -yhdistelm\u00e4invertterien perustoiminnot ovat invertteri, akkulaturi, kytkent\u00e4toiminto ja ulkoisten vaihtovirtal\u00e4hteiden tuki. N\u00e4it\u00e4 toimintoja voidaan yhdist\u00e4\u00e4 ja ohjata t\u00e4ysin automaattisesti. Invertterit ovat poikkeuksellisen helppok\u00e4ytt\u00f6isi\u00e4 ja k\u00e4ytett\u00e4viss\u00e4 olevan energian hy\u00f6dynt\u00e4minen on eritt\u00e4in hyv\u00e4\u00e4.<\/span><\/p>\n<p><span data-sheets-root=\"1\">Steca Xtender voidaan t\u00e4ysin s\u00e4\u00e4t\u00e4\u00e4 kaukos\u00e4\u00e4timell\u00e4. Kun uusia toimintoja sis\u00e4lt\u00e4v\u00e4 ohjelmisto tulee saataville, se voidaan siirt\u00e4\u00e4 j\u00e4rjestelm\u00e4\u00e4n, jolloin Steca Xtender pysyy aina ajan tasalla. Useita Steca Xtendereit\u00e4 voidaan kytke\u00e4 rinnakkain ja kolmivaiheisesti. N\u00e4in jopa yhdeks\u00e4n Steca Xtenderi\u00e4 voi toimia yhdess\u00e4.<\/span><\/p>\n<h3><span data-sheets-root=\"1\">Monitoimikontaktit<\/span><\/h3>\n<p><span data-sheets-root=\"1\">N\u00e4m\u00e4 potentiaalivapaat koskettimet voidaan ohjelmoida monia eri sovelluksia varten. Voit reagoida mihin tahansa tapahtumaan taajuusmuuttajan ulkopuolella tai sis\u00e4ll\u00e4 (verkon saatavuus, akun j\u00e4nnite, vikailmoitukset jne.). Ne voidaan my\u00f6s ohjelmoida ajastimiksi tai kytke\u00e4 tiettyin\u00e4 aikoina (y\u00f6ll\u00e4, viikonloppuisin jne.). Ne voivat siis toimia generaattorin k\u00e4ynnistyslaitteena, v\u00e4hemm\u00e4n t\u00e4rkeiden kuluttajien sammuttamiseksi, toimintah\u00e4iri\u00f6n ilmoittamiseksi, akun lataamiseksi tilanteen mukaan jne.<\/span><\/p>\n<h3><span data-sheets-root=\"1\">Smart-boost-toiminto<\/span><\/h3>\n<p><span data-sheets-root=\"1\">Smart-boost-toiminnolla voidaan lis\u00e4t\u00e4 toisen vaihtovirtal\u00e4hteen, kuten generaattorin tai latausportin, tehoa. Vaikka kyseess\u00e4 olisikin erikoiskuorma (induktiivinen, ep\u00e4symmetrinen, suuri kytkent\u00e4virta). Voit my\u00f6s yhdist\u00e4\u00e4 Steca Xtenderin l\u00e4hes mink\u00e4 tahansa olemassa olevan invertterin kanssa k\u00e4ytett\u00e4viss\u00e4 olevan tehon lis\u00e4\u00e4miseksi.<\/span><\/p>\n<\/div>\n<div id=\"productproperty\" class=\"productproperty hdsection bg_grey_full mrgntp-1 pddngtp-2 pddngbt-2\">\n<p><span class=\"pic zoomimagefe\"><img fetchpriority=\"high\" decoding=\"async\" class=\"pic\" src=\"https:\/\/www.kontron-solar.com\/data\/media\/204\/20421_701x280x72x72x100_Steca_Xtender_XTS_XTM_XTH_technische_Zeichnung.jpg\" alt=\"Steca Xtender XTS XTM XTH technische Zeichnung\" width=\"280\" height=\"701\" data-zoompic=\"204\/20421_2955x1181x72x72x100_Steca_Xtender_XTS_XTM_XTH_technische_Zeichnung.jpg\" \/><\/span><\/p>\n<h2><span data-sheets-root=\"1\">Ominaisuudet<\/span><\/h2>\n<h3>Tuotteen ominaisuudet<\/h3>\n<ul>\n<li>Todellinen siniaaltoj\u00e4nnite<\/li>\n<li>Erinomaiset ylikuormitusominaisuudet<\/li>\n<li>Optimaalinen akun suojaus<\/li>\n<li>S\u00e4\u00e4dett\u00e4v\u00e4 integroitu akkulaturi<\/li>\n<li>Monivaiheinen ohjelmoitava akkulaturi PFC:ll\u00e4 varustettuna<\/li>\n<li>Automaattinen kuorman tunnistus<\/li>\n<li>Valmiuskuorman tunnistus s\u00e4\u00e4dett\u00e4viss\u00e4 laajalla alueella, alkaen alhaisesta arvosta.<\/li>\n<li>Rinnakkaiskytkett\u00e4viss\u00e4<\/li>\n<li>Paras luotettavuus<\/li>\n<li>Voidaan k\u00e4ytt\u00e4\u00e4 varaj\u00e4rjestelm\u00e4n\u00e4 tai keskeytym\u00e4tt\u00f6m\u00e4n\u00e4 virtal\u00e4hteen\u00e4 (UPS).<\/li>\n<li>Monitoimikontakti<\/li>\n<li>S\u00e4\u00e4dett\u00e4v\u00e4 tehonjako<\/li>\n<li>Luotettava ja \u00e4\u00e4net\u00f6n kaikenlaisella kuormituksella.<\/li>\n<li>Vaihtovirtal\u00e4hteiden tukeminen (Smart Boost)<\/li>\n<li>Automaattinen tuki huippukuormituksille (Power Shaving)<\/li>\n<li>Eritt\u00e4in nopea siirtorele<\/li>\n<li>Korkea hy\u00f6tysuhde<\/li>\n<li>Ohjaus digitaalisella signaaliprosessorilla (DSP)<\/li>\n<\/ul>\n<h3>Elektroniset suojaustoiminnot<\/h3>\n<ul>\n<li>Syv\u00e4purkaussuojaus<\/li>\n<li>Akun ylij\u00e4nnitteen sammutus<\/li>\n<li>Oikosulkusuojaus<\/li>\n<li>Ylil\u00e4mp\u00f6tila- ja ylikuormitussuojaus<\/li>\n<li>K\u00e4\u00e4nteisnapaussuojaus sis\u00e4isell\u00e4 sulakkeella (paitsi Steca Xtender XTH 3000).<\/li>\n<li>Akustinen h\u00e4lytys syv\u00e4purkauksen tai ylikuumenemisen yhteydess\u00e4.<\/li>\n<\/ul>\n<h3>N\u00e4ytt\u00e4\u00e4<\/h3>\n<ul>\n<li>5 LEDi\u00e4 n\u00e4ytt\u00e4\u00e4 toimintatilat<\/li>\n<\/ul>\n<h3>Operaatio<\/h3>\n<ul>\n<li>P\u00e4\u00e4kytkin<\/li>\n<li>S\u00e4\u00e4dett\u00e4v\u00e4 kuorman tunnistus<\/li>\n<\/ul>\n<h3>Vaihtoehdot<\/h3>\n<ul>\n<li>Tyyppi 115 V \/ 60 Hz (paitsi Steca Xtender XTH 8000-48).<\/li>\n<li>Malli, jossa on suojaava lakattu emolevy<\/li>\n<\/ul>\n<h3>Todistukset<\/h3>\n<ul>\n<li>Eurooppalaisten standardien mukainen (CE)<\/li>\n<li>RoHS-yhteensopiva<\/li>\n<li>Valmistettu Euroopassa<\/li>\n<\/ul>\n<h3>Tarvikkeet<\/h3>\n<ul>\n<li>Kaukos\u00e4\u00e4din ja n\u00e4ytt\u00f6 Steca RCC-02<\/li>\n<li>Kaukos\u00e4\u00e4din ja n\u00e4ytt\u00f6 Steca RCC-03<\/li>\n<li>Steca X-Connect -j\u00e4rjestelm\u00e4<\/li>\n<li>Akun l\u00e4mp\u00f6tila-anturi Steca BTS-01<\/li>\n<li>Integroitu j\u00e4\u00e4hdytysyksikk\u00f6 ECF-01<\/li>\n<li>Tietoliikennekaapeli<\/li>\n<li>Steca BSP-500\/1200<\/li>\n<\/ul>\n<p><strong>Tietolehti:<\/strong> <a href=\"https:\/\/texus.fi\/wp-content\/uploads\/2024\/07\/StecaXtenderproductdatasheetEN.pdf\">Steca+Xtender+productdatasheet+EN<\/a><\/p>\n<\/div>\n","protected":false},"excerpt":{"rendered":"<p>Invertterin ja akkulaturin yhdistelm\u00e4, jossa on kytkent\u00e4toiminto Steca Xtender -yhdistelm\u00e4invertterien perustoiminnot ovat invertteri, akkulaturi, kytkent\u00e4toiminto ja ulkoisten vaihtovirtal\u00e4hteiden tuki. N\u00e4it\u00e4 toimintoja voidaan yhdist\u00e4\u00e4 ja ohjata t\u00e4ysin automaattisesti. Invertterit ovat poikkeuksellisen helppok\u00e4ytt\u00f6isi\u00e4 ja k\u00e4ytett\u00e4viss\u00e4 olevan energian hy\u00f6dynt\u00e4minen on eritt\u00e4in hyv\u00e4\u00e4. Steca Xtender voidaan t\u00e4ysin s\u00e4\u00e4t\u00e4\u00e4 kaukos\u00e4\u00e4timell\u00e4. Kun uusia toimintoja sis\u00e4lt\u00e4v\u00e4 ohjelmisto tulee saataville, se voidaan siirt\u00e4\u00e4 [&hellip;]<\/p>\n","protected":false},"featured_media":3276,"comment_status":"open","ping_status":"closed","template":"","meta":[],"product_brand":[],"product_cat":[36,15],"product_tag":[],"class_list":{"0":"post-907","1":"product","2":"type-product","3":"status-publish","4":"has-post-thumbnail","6":"product_cat-invertterit","7":"product_cat-products","8":"pa_brands-kontron","10":"first","11":"onbackorder","12":"taxable","13":"shipping-taxable","14":"product-type-simple"},"_links":{"self":[{"href":"https:\/\/texus.fi\/fi\/wp-json\/wp\/v2\/product\/907","targetHints":{"allow":["GET"]}}],"collection":[{"href":"https:\/\/texus.fi\/fi\/wp-json\/wp\/v2\/product"}],"about":[{"href":"https:\/\/texus.fi\/fi\/wp-json\/wp\/v2\/types\/product"}],"replies":[{"embeddable":true,"href":"https:\/\/texus.fi\/fi\/wp-json\/wp\/v2\/comments?post=907"}],"wp:featuredmedia":[{"embeddable":true,"href":"https:\/\/texus.fi\/fi\/wp-json\/wp\/v2\/media\/3276"}],"wp:attachment":[{"href":"https:\/\/texus.fi\/fi\/wp-json\/wp\/v2\/media?parent=907"}],"wp:term":[{"taxonomy":"product_brand","embeddable":true,"href":"https:\/\/texus.fi\/fi\/wp-json\/wp\/v2\/product_brand?post=907"},{"taxonomy":"product_cat","embeddable":true,"href":"https:\/\/texus.fi\/fi\/wp-json\/wp\/v2\/product_cat?post=907"},{"taxonomy":"product_tag","embeddable":true,"href":"https:\/\/texus.fi\/fi\/wp-json\/wp\/v2\/product_tag?post=907"}],"curies":[{"name":"wp","href":"https:\/\/api.w.org\/{rel}","templated":true}]}}