{"id":912,"date":"2024-07-30T16:07:58","date_gmt":"2024-07-30T13:07:58","guid":{"rendered":"https:\/\/texus.fi\/?post_type=product&#038;p=912"},"modified":"2025-03-05T14:21:19","modified_gmt":"2025-03-05T11:21:19","slug":"stecagrid-charger-basic-light","status":"publish","type":"product","link":"https:\/\/texus.fi\/fi\/stecagrid-charger-basic-light\/","title":{"rendered":"StecaGrid Laturi Basic Light"},"content":{"rendered":"<p><span data-sheets-root=\"1\">Kotitalouksille ja yrityksille; integroiduilla s\u00e4hk\u00f6mittareilla, enint\u00e4\u00e4n 11 kW\/h.<\/span><\/p>\n<table id=\"technical-\" class=\"technicaldata col-1\">\n<tbody>\n<tr class=\"hdcll\">\n<th><\/th>\n<th><\/th>\n<\/tr>\n<tr class=\"hdclll\">\n<th style=\"text-align: center\" colspan=\"2\">S\u00e4hk\u00f6iset eritelm\u00e4t<\/th>\n<\/tr>\n<tr>\n<th class=\"littleheading\" style=\"text-align: left\"><span data-sheets-root=\"1\">Teho<\/span><\/th>\n<td style=\"text-align: left\" colspan=\"1\">\n<div data-label=\"StecaGrid Charger Basic Light\">11 kW<\/div>\n<\/td>\n<\/tr>\n<tr>\n<th class=\"littleheading\" style=\"text-align: left\"><span data-sheets-root=\"1\">Nimellisvirta<\/span><\/th>\n<td style=\"text-align: left\" colspan=\"1\">\n<div data-label=\"StecaGrid Charger Basic Light\">16 A<\/div>\n<\/td>\n<\/tr>\n<tr>\n<th class=\"littleheading\" style=\"text-align: left\"><span data-sheets-root=\"1\">Verkkoj\u00e4nnite<\/span><\/th>\n<td style=\"text-align: left\" colspan=\"1\">\n<div data-label=\"StecaGrid Charger Basic Light\">220-240 V \/ 380-415 V<\/div>\n<\/td>\n<\/tr>\n<tr>\n<th class=\"littleheading\" style=\"text-align: left\"><span data-sheets-root=\"1\">Verkon taajuus<\/span><\/th>\n<td colspan=\"1\">\n<div data-label=\"StecaGrid Charger Basic Light\">50\/60 Hz<\/div>\n<\/td>\n<\/tr>\n<tr>\n<th class=\"littleheading\" style=\"text-align: left\"><span data-sheets-root=\"1\">Ajoneuvon latauspistoke<\/span><\/th>\n<td colspan=\"1\">\n<div data-label=\"StecaGrid Charger Basic Light\"><span data-sheets-root=\"1\">Tyyppi 2<\/span><\/div>\n<\/td>\n<\/tr>\n<tr>\n<th class=\"littleheading\" style=\"text-align: left\"><span data-sheets-root=\"1\">Latausteho 3<\/span><\/th>\n<td style=\"text-align: left\" colspan=\"1\">\n<div data-label=\"StecaGrid Charger Basic Light\">11 kW<\/div>\n<\/td>\n<\/tr>\n<tr>\n<th class=\"littleheading\" style=\"text-align: left\"><span data-sheets-root=\"1\">Latausvirran tila 3<\/span><\/th>\n<td style=\"text-align: left\" colspan=\"1\">\n<div data-label=\"StecaGrid Charger Basic Light\">3&#215;16 A<\/div>\n<\/td>\n<\/tr>\n<tr>\n<th class=\"littleheading\" style=\"text-align: left\"><span data-sheets-root=\"1\">Verkkoliit\u00e4nt\u00e4<\/span><\/th>\n<td colspan=\"1\">\n<div data-label=\"StecaGrid Charger Basic Light\">L1, L2, L3, N, PE<\/div>\n<\/td>\n<\/tr>\n<tr>\n<th class=\"littleheading\" style=\"text-align: left\"><span data-sheets-root=\"1\">P\u00e4\u00e4s\u00e4\u00e4nt\u00f6inen lomake<\/span><\/th>\n<td colspan=\"1\">\n<div data-label=\"StecaGrid Charger Basic Light\"><span data-sheets-root=\"1\">TT\/TN 3- ja 1-vaiheinen, IT 1-vaiheinen<\/span><\/div>\n<\/td>\n<\/tr>\n<tr>\n<th class=\"littleheading\" style=\"text-align: left\"><span data-sheets-root=\"1\">Ylij\u00e4nnitesuojaus<\/span><\/th>\n<td colspan=\"1\">\n<div data-label=\"StecaGrid Charger Basic Light\">III<\/div>\n<\/td>\n<\/tr>\n<tr>\n<th class=\"littleheading\" style=\"text-align: left\"><span data-sheets-root=\"1\">Suojausluokka<\/span><\/th>\n<td colspan=\"1\">\n<div data-label=\"StecaGrid Charger Basic Light\">I<\/div>\n<\/td>\n<\/tr>\n<tr>\n<th class=\"littleheading\" style=\"text-align: left\"><span data-sheets-root=\"1\">Integroitu vikavirtasuojalaite DC<\/span><\/th>\n<td style=\"text-align: left\" colspan=\"1\">\n<div data-label=\"StecaGrid Charger Basic Light\">6 mA<\/div>\n<\/td>\n<\/tr>\n<tr class=\"hdclll\">\n<th style=\"text-align: center\" colspan=\"2\">Tekniset ominaisuudet<\/th>\n<\/tr>\n<tr>\n<th class=\"littleheading\" style=\"text-align: left\">Ajoneuvon viestint\u00e4<\/th>\n<td style=\"text-align: left\" colspan=\"1\">\n<div data-label=\"StecaGrid Charger Basic Light\"><span data-sheets-root=\"1\">PWM (IEC61851:n mukaan)<\/span><\/div>\n<\/td>\n<\/tr>\n<tr>\n<th class=\"littleheading\" style=\"text-align: left\"><span data-sheets-root=\"1\">Kaapelin pituus<\/span><\/th>\n<td colspan=\"1\">\n<div data-label=\"StecaGrid Charger Basic Light\">7 m<\/div>\n<\/td>\n<\/tr>\n<tr>\n<th class=\"littleheading\" style=\"text-align: left\"><span data-sheets-root=\"1\">Vaihtoehto, jossa on tyypin 2 pistorasia \/<br \/>\ntyypin 2 pistorasia, jossa on suljin<\/span><\/th>\n<td style=\"text-align: left\" colspan=\"1\">\n<div data-label=\"StecaGrid Charger Basic Light\">\/<\/div>\n<\/td>\n<\/tr>\n<tr>\n<th class=\"littleheading\" style=\"text-align: left\">HMI<\/th>\n<td style=\"text-align: left\" colspan=\"1\">\n<div data-label=\"StecaGrid Charger Basic Light\"><span data-sheets-root=\"1\">RGB LEDit, kes\u00e4, Web-sovellus<\/span><\/div>\n<\/td>\n<\/tr>\n<tr>\n<th class=\"littleheading\" style=\"text-align: left\"><span data-sheets-root=\"1\">Tunnistus<\/span><\/th>\n<td colspan=\"1\">\n<div data-label=\"StecaGrid Charger Basic Light\">&#8211; RFID<\/div>\n<div data-label=\"StecaGrid Charger Basic Light\">&#8211; Plug &amp; Charge (ISO 15118)<\/div>\n<div data-label=\"StecaGrid Charger Basic Light\">&#8211; Autocharge (automaattinen lataus)<\/div>\n<\/td>\n<\/tr>\n<tr>\n<th class=\"littleheading\" style=\"text-align: left\"><span data-sheets-root=\"1\">Verkkoliit\u00e4nt\u00e4<\/span><\/th>\n<td colspan=\"1\">\n<div data-label=\"StecaGrid Charger Basic Light\">&#8211; LAN (RJ45) &#8211; 10 \/ 100 Base-TX<\/div>\n<div data-label=\"StecaGrid Charger Basic Light\">&#8211; WiFi (5 GHz, 2,4 GHz)<\/div>\n<div data-label=\"StecaGrid Charger Basic Light\">&#8211; WiFi Client \/ Hotspot (samanaikaisesti mahdollista)<\/div>\n<\/td>\n<\/tr>\n<tr>\n<th class=\"littleheading\" style=\"text-align: left\"><span data-sheets-root=\"1\">Back-end-viestint\u00e4<\/span><\/th>\n<td colspan=\"1\">\n<div data-label=\"StecaGrid Charger Basic Light\"><span data-sheets-root=\"1\">OCPP 1.6j (2.0.1 kehitteill\u00e4)<\/span><\/div>\n<\/td>\n<\/tr>\n<tr>\n<th class=\"littleheading\"><span data-sheets-root=\"1\">Integrointi kodin energianhallintaj\u00e4rjestelm\u00e4\u00e4n (HEMS)<\/span><\/th>\n<td colspan=\"1\">\n<div data-label=\"StecaGrid Charger Basic Light\"><span data-sheets-root=\"1\">EEBUS, Modbus ulkoisia s\u00e4hk\u00f6mittareita varten<\/span><\/div>\n<\/td>\n<\/tr>\n<tr>\n<th class=\"littleheading\" style=\"text-align: left\"><span data-sheets-root=\"1\">Kulutuksen mittaus<\/span><\/th>\n<td colspan=\"1\">\n<div data-label=\"StecaGrid Charger Basic Light\"><span data-sheets-root=\"1\">Integroitu<\/span><\/div>\n<\/td>\n<\/tr>\n<tr>\n<th class=\"littleheading\" style=\"text-align: left\"><span data-sheets-root=\"1\">Paikallinen kuormituksen hallinta<\/span><\/th>\n<td colspan=\"1\">\n<div data-label=\"StecaGrid Charger Basic Light\">via WLAN, Ethernet<\/div>\n<\/td>\n<\/tr>\n<tr class=\"hdclll\">\n<th style=\"text-align: center\" colspan=\"2\">Ymp\u00e4rist\u00f6\u00e4 koskevat eritelm\u00e4t<\/th>\n<\/tr>\n<tr>\n<th class=\"littleheading\" style=\"text-align: left\"><span data-sheets-root=\"1\">IP-suojausluokka<\/span><\/th>\n<td style=\"text-align: left\" colspan=\"1\">\n<div data-label=\"StecaGrid Charger Basic Light\">IP55<\/div>\n<\/td>\n<\/tr>\n<tr>\n<th class=\"littleheading\" style=\"text-align: left\"><span data-sheets-root=\"1\">IK-suojausluokka<\/span><\/th>\n<td style=\"text-align: left\" colspan=\"1\">\n<div data-label=\"StecaGrid Charger Basic Light\">IK10<\/div>\n<\/td>\n<\/tr>\n<tr>\n<th class=\"littleheading\" style=\"text-align: left\"><span data-sheets-root=\"1\">Mitat<\/span><\/th>\n<td colspan=\"1\">\n<div data-label=\"StecaGrid Charger Basic Light\">384 x 384 x 181 mm<\/div>\n<\/td>\n<\/tr>\n<tr>\n<th class=\"littleheading\" style=\"text-align: left\"><span data-sheets-root=\"1\">Paino<\/span><\/th>\n<td colspan=\"1\">\n<div data-label=\"StecaGrid Charger Basic Light\"><span data-sheets-root=\"1\">n. 3,15 kg (ilman kaapelia)<\/span><\/div>\n<\/td>\n<\/tr>\n<tr>\n<th class=\"littleheading\" style=\"text-align: left\"><span data-sheets-root=\"1\">K\u00e4ytt\u00f6l\u00e4mp\u00f6tila<\/span><\/th>\n<td colspan=\"1\">\n<div data-label=\"StecaGrid Charger Basic Light\">-30 \u00b0C &#8211; +45 \u00b0C<\/div>\n<\/td>\n<\/tr>\n<tr>\n<th class=\"littleheading\" style=\"text-align: left\"><span data-sheets-root=\"1\">Varastointil\u00e4mp\u00f6tila<\/span><\/th>\n<td colspan=\"1\">\n<div data-label=\"StecaGrid Charger Basic Light\">-40 \u00b0C &#8211; +80 \u00b0C<\/div>\n<\/td>\n<\/tr>\n<tr>\n<th class=\"littleheading\" style=\"text-align: left\"><span data-sheets-root=\"1\">Korkeus<\/span><\/th>\n<td colspan=\"1\">\n<div style=\"text-align: left\" data-label=\"StecaGrid Charger Basic Light\">\u2264 3.000 m<\/div>\n<\/td>\n<\/tr>\n<\/tbody>\n<\/table>\n","protected":false},"excerpt":{"rendered":"<p><span data-sheets-root=\"1\">Kotitalouksille ja yrityksille; integroiduilla s\u00e4hk\u00f6mittareilla, enint\u00e4\u00e4n 11 kW\/h.<\/span><\/p>\n","protected":false},"featured_media":913,"comment_status":"open","ping_status":"closed","template":"","meta":[],"product_brand":[],"product_cat":[15,46],"product_tag":[],"class_list":{"0":"post-912","1":"product","2":"type-product","3":"status-publish","4":"has-post-thumbnail","6":"product_cat-products","7":"product_cat-wallbox","8":"pa_brands-kontron","10":"first","11":"onbackorder","12":"taxable","13":"shipping-taxable","14":"product-type-simple"},"_links":{"self":[{"href":"https:\/\/texus.fi\/fi\/wp-json\/wp\/v2\/product\/912","targetHints":{"allow":["GET"]}}],"collection":[{"href":"https:\/\/texus.fi\/fi\/wp-json\/wp\/v2\/product"}],"about":[{"href":"https:\/\/texus.fi\/fi\/wp-json\/wp\/v2\/types\/product"}],"replies":[{"embeddable":true,"href":"https:\/\/texus.fi\/fi\/wp-json\/wp\/v2\/comments?post=912"}],"wp:featuredmedia":[{"embeddable":true,"href":"https:\/\/texus.fi\/fi\/wp-json\/wp\/v2\/media\/913"}],"wp:attachment":[{"href":"https:\/\/texus.fi\/fi\/wp-json\/wp\/v2\/media?parent=912"}],"wp:term":[{"taxonomy":"product_brand","embeddable":true,"href":"https:\/\/texus.fi\/fi\/wp-json\/wp\/v2\/product_brand?post=912"},{"taxonomy":"product_cat","embeddable":true,"href":"https:\/\/texus.fi\/fi\/wp-json\/wp\/v2\/product_cat?post=912"},{"taxonomy":"product_tag","embeddable":true,"href":"https:\/\/texus.fi\/fi\/wp-json\/wp\/v2\/product_tag?post=912"}],"curies":[{"name":"wp","href":"https:\/\/api.w.org\/{rel}","templated":true}]}}