{"id":915,"date":"2024-07-30T16:15:06","date_gmt":"2024-07-30T13:15:06","guid":{"rendered":"https:\/\/texus.fi\/?post_type=product&#038;p=915"},"modified":"2025-03-05T14:21:16","modified_gmt":"2025-03-05T11:21:16","slug":"stecagrid-charger-erk","status":"publish","type":"product","link":"https:\/\/texus.fi\/fi\/stecagrid-charger-erk\/","title":{"rendered":"StecaGrid Laturi ERK"},"content":{"rendered":"<p>S\u00e4hk\u00f6mittarivaihtoehto on kalibrointilain mukainen, enint\u00e4\u00e4n 22 kW\/h.<\/p>\n<table id=\"technical-\" class=\"technicaldata col-1\">\n<tbody>\n<tr class=\"hdclll\">\n<th colspan=\"2\">S\u00e4hk\u00f6iset eritelm\u00e4t<\/th>\n<\/tr>\n<tr>\n<th class=\"littleheading\" style=\"text-align: left\">Teho<\/th>\n<td style=\"text-align: left\" colspan=\"1\">\n<div data-label=\"StecaGrid Charger ERK\">22 kW<\/div>\n<\/td>\n<\/tr>\n<tr>\n<th class=\"littleheading\" style=\"text-align: left\">Nimellisvirta<\/th>\n<td style=\"text-align: left\" colspan=\"1\">\n<div data-label=\"StecaGrid Charger ERK\">32 A<\/div>\n<\/td>\n<\/tr>\n<tr>\n<th class=\"littleheading\" style=\"text-align: left\">Verkkoj\u00e4nnite<\/th>\n<td colspan=\"1\">\n<div data-label=\"StecaGrid Charger ERK\">230 \/ 400 V<\/div>\n<\/td>\n<\/tr>\n<tr>\n<th class=\"littleheading\" style=\"text-align: left\">Verkon taajuus<\/th>\n<td style=\"text-align: left\" colspan=\"1\">\n<div data-label=\"StecaGrid Charger ERK\">50\/60 Hz<\/div>\n<\/td>\n<\/tr>\n<tr>\n<th class=\"littleheading\" style=\"text-align: left\">Ajoneuvon latauspistoke<\/th>\n<td colspan=\"1\">\n<div data-label=\"StecaGrid Charger ERK\"><span data-sheets-root=\"1\">Tyyppi<\/span>\u00a02<\/div>\n<\/td>\n<\/tr>\n<tr>\n<th class=\"littleheading\" style=\"text-align: left\">Latausteho 3<\/th>\n<td style=\"text-align: left\" colspan=\"1\">\n<div data-label=\"StecaGrid Charger ERK\">22 kW<\/div>\n<\/td>\n<\/tr>\n<tr>\n<th class=\"littleheading\" style=\"text-align: left\">Latausvirran tila 3<\/th>\n<td style=\"text-align: left\" colspan=\"1\">\n<div data-label=\"StecaGrid Charger ERK\">3&#215;32 A<\/div>\n<\/td>\n<\/tr>\n<tr>\n<th class=\"littleheading\" style=\"text-align: left\">Verkkoliit\u00e4nt\u00e4<\/th>\n<td colspan=\"1\">\n<div data-label=\"StecaGrid Charger ERK\">L1, L2, L3, N, PE<\/div>\n<\/td>\n<\/tr>\n<tr>\n<th class=\"littleheading\" style=\"text-align: left\">P\u00e4\u00e4s\u00e4\u00e4nt\u00f6inen lomake<\/th>\n<td colspan=\"1\">\n<div data-label=\"StecaGrid Charger ERK\">TT\/TN 3- ja 1-vaiheinen, IT 1-vaiheinen<\/div>\n<\/td>\n<\/tr>\n<tr>\n<th class=\"littleheading\" style=\"text-align: left\">Ylij\u00e4nnitesuojaus<\/th>\n<td colspan=\"1\">\n<div data-label=\"StecaGrid Charger ERK\">III<\/div>\n<\/td>\n<\/tr>\n<tr>\n<th class=\"littleheading\" style=\"text-align: left\">Suojausluokka<\/th>\n<td colspan=\"1\">\n<div data-label=\"StecaGrid Charger ERK\">I<\/div>\n<\/td>\n<\/tr>\n<tr>\n<th class=\"littleheading\" style=\"text-align: left\">Integroitu vikavirtasuojalaite DC<\/th>\n<td colspan=\"1\">\n<div data-label=\"StecaGrid Charger ERK\">6 mA<\/div>\n<\/td>\n<\/tr>\n<tr class=\"hdclll\">\n<th style=\"text-align: left\" colspan=\"2\">Tekniset ominaisuudet<\/th>\n<\/tr>\n<tr>\n<th class=\"littleheading\" style=\"text-align: left\">Ajoneuvon viestint\u00e4<\/th>\n<td style=\"text-align: left\" colspan=\"1\">\n<div data-label=\"StecaGrid Charger ERK\">PWM (IEC61851:n mukaan)<\/div>\n<\/td>\n<\/tr>\n<tr>\n<th class=\"littleheading\" style=\"text-align: left\">Kaapelin pituus<\/th>\n<td colspan=\"1\">\n<div data-label=\"StecaGrid Charger ERK\">\/<\/div>\n<\/td>\n<\/tr>\n<tr>\n<th class=\"littleheading\" style=\"text-align: left\">Vaihtoehto, jossa on tyypin 2 pistorasia \/<br \/>\ntyypin 2 pistorasia, jossa on suljin<\/th>\n<td style=\"text-align: left\" colspan=\"1\">\n<div data-label=\"StecaGrid Charger ERK\">Kyll\u00e4 \/ Kyll\u00e4<\/div>\n<\/td>\n<\/tr>\n<tr>\n<th class=\"littleheading\" style=\"text-align: left\">HMI<\/th>\n<td colspan=\"1\">\n<div data-label=\"StecaGrid Charger ERK\">RGB LEDit, kes\u00e4, Web-sovellus<\/div>\n<\/td>\n<\/tr>\n<tr>\n<th class=\"littleheading\" style=\"text-align: left\">Tunnistus<\/th>\n<td style=\"text-align: left\" colspan=\"1\">\n<div data-label=\"StecaGrid Charger ERK\">&#8211; RFID<\/div>\n<div data-label=\"StecaGrid Charger ERK\">&#8211; Plug &amp; Charge (ISO 15118)<\/div>\n<div data-label=\"StecaGrid Charger ERK\">&#8211; Autocharge (automaattinen lataus)<\/div>\n<\/td>\n<\/tr>\n<tr>\n<th class=\"littleheading\" style=\"text-align: left\">Verkkoliit\u00e4nt\u00e4<\/th>\n<td colspan=\"1\">\n<div data-label=\"StecaGrid Charger ERK\">&#8211; LAN (RJ45) &#8211; 10 \/ 100 Base-TX<\/div>\n<div data-label=\"StecaGrid Charger ERK\">&#8211; WiFi (5GHz, 2,4 GHz)<\/div>\n<div data-label=\"StecaGrid Charger ERK\">&#8211; WiFi Client \/ Hotspot (samanaikaisesti mahdollista)<\/div>\n<div data-label=\"StecaGrid Charger ERK\">&#8211; LTE &amp; GSM<\/div>\n<\/td>\n<\/tr>\n<tr>\n<th class=\"littleheading\" style=\"text-align: left\">Back-end-viestint\u00e4<\/th>\n<td style=\"text-align: left\" colspan=\"1\">\n<div data-label=\"StecaGrid Charger ERK\">OCPP 1.6j (2.0.1 kehitteill\u00e4)<\/div>\n<\/td>\n<\/tr>\n<tr>\n<th class=\"littleheading\" style=\"text-align: left\">Integrointi kodin energianhallintaj\u00e4rjestelm\u00e4\u00e4n (HEMS)<\/th>\n<td colspan=\"1\">\n<div data-label=\"StecaGrid Charger ERK\">EEBUS, Modbus ulkoisia s\u00e4hk\u00f6mittareita varten<\/div>\n<\/td>\n<\/tr>\n<tr>\n<th class=\"littleheading\" style=\"text-align: left\">Kulutuksen mittaus<\/th>\n<td style=\"text-align: left\" colspan=\"1\">\n<div data-label=\"StecaGrid Charger ERK\">MID-yhteensopiva s\u00e4hk\u00f6mittari ja Saksan kalibrointilains\u00e4\u00e4d\u00e4nn\u00f6n mukainen kokonaislaite.<\/div>\n<\/td>\n<\/tr>\n<tr>\n<th class=\"littleheading\" style=\"text-align: left\">Paikallinen kuormituksen hallinta<\/th>\n<td colspan=\"1\">\n<div data-label=\"StecaGrid Charger ERK\">WLAN, Ethernet<\/div>\n<\/td>\n<\/tr>\n<tr class=\"hdclll\">\n<th style=\"text-align: left\" colspan=\"2\">Ymp\u00e4rist\u00f6\u00e4 koskevat eritelm\u00e4t<\/th>\n<\/tr>\n<tr>\n<th class=\"littleheading\" style=\"text-align: left\">IP-suojausluokka<\/th>\n<td colspan=\"1\">\n<div data-label=\"StecaGrid Charger ERK\">IP55<\/div>\n<\/td>\n<\/tr>\n<tr>\n<th class=\"littleheading\" style=\"text-align: left\">IK-suojausluokka<\/th>\n<td style=\"text-align: left\" colspan=\"1\">\n<div data-label=\"StecaGrid Charger ERK\">IK10<\/div>\n<\/td>\n<\/tr>\n<tr>\n<th class=\"littleheading\" style=\"text-align: left\">Mitat<\/th>\n<td colspan=\"1\">\n<div data-label=\"StecaGrid Charger ERK\">384 x 384 x 202 mm<\/div>\n<\/td>\n<\/tr>\n<tr>\n<th class=\"littleheading\" style=\"text-align: left\">Paino<\/th>\n<td style=\"text-align: left\" colspan=\"1\">\n<div data-label=\"StecaGrid Charger ERK\">ca. 3,99 kg (ilman kaapelia)<\/div>\n<\/td>\n<\/tr>\n<tr>\n<th class=\"littleheading\" style=\"text-align: left\">K\u00e4ytt\u00f6l\u00e4mp\u00f6tila<\/th>\n<td colspan=\"1\">\n<div data-label=\"StecaGrid Charger ERK\">-25 \u00b0C &#8211; +45 \u00b0C<\/div>\n<\/td>\n<\/tr>\n<tr>\n<th class=\"littleheading\" style=\"text-align: left\">Varastointil\u00e4mp\u00f6tila<\/th>\n<td style=\"text-align: left\" colspan=\"1\">\n<div data-label=\"StecaGrid Charger ERK\">-40 \u00b0C &#8211; +80 \u00b0C<\/div>\n<\/td>\n<\/tr>\n<tr>\n<th class=\"littleheading\" style=\"text-align: left\">Korkeus<\/th>\n<td colspan=\"1\">\n<div data-label=\"StecaGrid Charger ERK\">\u2264 2.000 m<\/div>\n<\/td>\n<\/tr>\n<\/tbody>\n<\/table>\n","protected":false},"excerpt":{"rendered":"<p>S\u00e4hk\u00f6mittarivaihtoehto on kalibrointilain mukainen, enint\u00e4\u00e4n 22 kW\/h.<\/p>\n","protected":false},"featured_media":920,"comment_status":"open","ping_status":"closed","template":"","meta":[],"product_brand":[],"product_cat":[15,46],"product_tag":[],"class_list":{"0":"post-915","1":"product","2":"type-product","3":"status-publish","4":"has-post-thumbnail","6":"product_cat-products","7":"product_cat-wallbox","8":"pa_brands-kontron","10":"first","11":"outofstock","12":"taxable","13":"shipping-taxable","14":"product-type-simple"},"_links":{"self":[{"href":"https:\/\/texus.fi\/fi\/wp-json\/wp\/v2\/product\/915","targetHints":{"allow":["GET"]}}],"collection":[{"href":"https:\/\/texus.fi\/fi\/wp-json\/wp\/v2\/product"}],"about":[{"href":"https:\/\/texus.fi\/fi\/wp-json\/wp\/v2\/types\/product"}],"replies":[{"embeddable":true,"href":"https:\/\/texus.fi\/fi\/wp-json\/wp\/v2\/comments?post=915"}],"wp:featuredmedia":[{"embeddable":true,"href":"https:\/\/texus.fi\/fi\/wp-json\/wp\/v2\/media\/920"}],"wp:attachment":[{"href":"https:\/\/texus.fi\/fi\/wp-json\/wp\/v2\/media?parent=915"}],"wp:term":[{"taxonomy":"product_brand","embeddable":true,"href":"https:\/\/texus.fi\/fi\/wp-json\/wp\/v2\/product_brand?post=915"},{"taxonomy":"product_cat","embeddable":true,"href":"https:\/\/texus.fi\/fi\/wp-json\/wp\/v2\/product_cat?post=915"},{"taxonomy":"product_tag","embeddable":true,"href":"https:\/\/texus.fi\/fi\/wp-json\/wp\/v2\/product_tag?post=915"}],"curies":[{"name":"wp","href":"https:\/\/api.w.org\/{rel}","templated":true}]}}