{"id":953,"date":"2024-08-01T16:17:24","date_gmt":"2024-08-01T13:17:24","guid":{"rendered":"https:\/\/texus.fi\/?post_type=product&#038;p=953"},"modified":"2025-09-19T08:53:56","modified_gmt":"2025-09-19T05:53:56","slug":"tws-5mwh-liquid-cooling-energy-storage-container","status":"publish","type":"product","link":"https:\/\/texus.fi\/fi\/tws-5mwh-liquid-cooling-energy-storage-container\/","title":{"rendered":"TWS &#8211; 5MWh nestej\u00e4\u00e4hdytteinen energiavarastokontti"},"content":{"rendered":"<div class=\"dl\"><span data-sheets-root=\"1\"><strong>Erinomainen turvallisuus:<\/strong> kolminkertaiset palontorjuntatoimenpiteet takaavat varhaisen havaitsemisen, tarkan ruiskutuksen ja nopean palon tukahduttamisen koko prosessin ajan; big data -\u00e4lykk\u00e4\u00e4ss\u00e4 palontorjuntaj\u00e4rjestelm\u00e4ss\u00e4 on panoraamavalvonta ja paloriskivaroitus, riskit havaitaan etuk\u00e4teen ja nopea reagointi koko j\u00e4rjestelm\u00e4ss\u00e4.<\/span><\/div>\n<div class=\"dl\"><span data-sheets-root=\"1\"><strong>Korkea taloudellinen tehokkuus:<\/strong> 315 Ah LFP-kennot, joilla on suuri energiatiheys ja pitk\u00e4 k\u00e4ytt\u00f6ik\u00e4, mahdollistavat 30 %:n kustannuss\u00e4\u00e4st\u00f6n kilowattituntia kohti; 5 MWh yhdess\u00e4 20 jalan kontissa; rinnakkain sijoittaminen; s\u00e4\u00e4st\u00f6 yli 40 % hankealueesta.<\/span><\/div>\n<div class=\"dl\"><span data-sheets-root=\"1\"><strong>Joustavuuden lis\u00e4\u00e4minen:<\/strong> joustava j\u00e4rjestelm\u00e4topologia erilaisia skenaarioita varten, mukaan lukien s\u00e4hk\u00f6ntuotantopuoli, verkkopuoli ja k\u00e4ytt\u00e4j\u00e4puoli; modulaarinen rakenne mahdollistaa joustavan kapasiteetin ja kokoonpanon.<\/span><\/div>\n<div><\/div>\n<div><strong>Tietolehti:<\/strong> <a href=\"https:\/\/texus.fi\/wp-content\/uploads\/2024\/08\/TWS-Product-Flyer_5MWh-Liquid-cooling-Energy-Storage-Container.pdf\">TWS Product Flyer_5MWh Liquid-cooling Energy Storage Container<\/a><\/div>\n","protected":false},"excerpt":{"rendered":"<div class=\"dl\"><span data-sheets-root=\"1\"><strong>Erinomainen turvallisuus:<\/strong> kolminkertaiset palontorjuntatoimenpiteet takaavat varhaisen havaitsemisen, tarkan ruiskutuksen ja nopean palon tukahduttamisen koko prosessin ajan; big data -\u00e4lykk\u00e4\u00e4ss\u00e4 palontorjuntaj\u00e4rjestelm\u00e4ss\u00e4 on panoraamavalvonta ja paloriskivaroitus, riskit havaitaan etuk\u00e4teen ja nopea reagointi koko j\u00e4rjestelm\u00e4ss\u00e4.<\/span><\/div>\n<div class=\"dl\"><span data-sheets-root=\"1\"><strong>Korkea taloudellinen tehokkuus:<\/strong> 315 Ah LFP-kennot, joilla on suuri energiatiheys ja pitk\u00e4 k\u00e4ytt\u00f6ik\u00e4, mahdollistavat 30 %:n kustannuss\u00e4\u00e4st\u00f6n kilowattituntia kohti; 5 MWh yhdess\u00e4 20 jalan kontissa; rinnakkain sijoittaminen; s\u00e4\u00e4st\u00f6 yli 40 % hankealueesta.<\/span><\/div>\n<div class=\"dl\"><span data-sheets-root=\"1\"><strong>Joustavuuden lis\u00e4\u00e4minen:<\/strong> joustava j\u00e4rjestelm\u00e4topologia erilaisia skenaarioita varten, mukaan lukien s\u00e4hk\u00f6ntuotantopuoli, verkkopuoli ja k\u00e4ytt\u00e4j\u00e4puoli; modulaarinen rakenne mahdollistaa joustavan kapasiteetin ja kokoonpanon.<\/span><\/div>\n","protected":false},"featured_media":3288,"comment_status":"open","ping_status":"closed","template":"","meta":[],"product_brand":[],"product_cat":[35,15],"product_tag":[],"class_list":{"0":"post-953","1":"product","2":"type-product","3":"status-publish","4":"has-post-thumbnail","6":"product_cat-ess-ratkaisut","7":"product_cat-products","8":"pa_brands-tws","10":"first","11":"outofstock","12":"taxable","13":"shipping-taxable","14":"product-type-simple"},"_links":{"self":[{"href":"https:\/\/texus.fi\/fi\/wp-json\/wp\/v2\/product\/953","targetHints":{"allow":["GET"]}}],"collection":[{"href":"https:\/\/texus.fi\/fi\/wp-json\/wp\/v2\/product"}],"about":[{"href":"https:\/\/texus.fi\/fi\/wp-json\/wp\/v2\/types\/product"}],"replies":[{"embeddable":true,"href":"https:\/\/texus.fi\/fi\/wp-json\/wp\/v2\/comments?post=953"}],"wp:featuredmedia":[{"embeddable":true,"href":"https:\/\/texus.fi\/fi\/wp-json\/wp\/v2\/media\/3288"}],"wp:attachment":[{"href":"https:\/\/texus.fi\/fi\/wp-json\/wp\/v2\/media?parent=953"}],"wp:term":[{"taxonomy":"product_brand","embeddable":true,"href":"https:\/\/texus.fi\/fi\/wp-json\/wp\/v2\/product_brand?post=953"},{"taxonomy":"product_cat","embeddable":true,"href":"https:\/\/texus.fi\/fi\/wp-json\/wp\/v2\/product_cat?post=953"},{"taxonomy":"product_tag","embeddable":true,"href":"https:\/\/texus.fi\/fi\/wp-json\/wp\/v2\/product_tag?post=953"}],"curies":[{"name":"wp","href":"https:\/\/api.w.org\/{rel}","templated":true}]}}