{"id":956,"date":"2024-11-15T09:00:22","date_gmt":"2024-11-15T06:00:22","guid":{"rendered":"https:\/\/texus.fi\/?post_type=product&#038;p=956"},"modified":"2025-06-06T12:03:31","modified_gmt":"2025-06-06T09:03:31","slug":"zyc-simpo-5000","status":"publish","type":"product","link":"https:\/\/texus.fi\/fi\/zyc-simpo-5000\/","title":{"rendered":"ZYC &#8211; SIMPO 5000"},"content":{"rendered":"<div class=\"w1-b3 wow slideInUp\" data-wow-delay=\"0.5s\" data-wow-duration=\"2s\"><span data-sheets-root=\"1\">51.2V Akkuj\u00e4rjestelm\u00e4 I 5.12kWh<\/span><\/div>\n<div class=\"w1-b4 wow slideInUp\" data-wow-delay=\"1s\" data-wow-duration=\"2s\"><span data-sheets-root=\"1\">Jopa 64 yksikk\u00f6\u00e4 rinnakkain<\/span><\/div>\n<div class=\"w1-b4 wow slideInUp\" data-wow-delay=\"1s\" data-wow-duration=\"2s\"><span data-sheets-root=\"1\">Ihanteellinen varastointi erilaisiin vaikeisiin tilanteisiin<\/span><\/div>\n<div data-wow-delay=\"1s\" data-wow-duration=\"2s\">\n<div class=\"w2\">\n<div class=\"w2-box pagePadding aos-init aos-animate\" data-aos=\"fade-in\" data-aos-duration=\"1500\">\n<div class=\"w2-b\">\n<div class=\"w-white w-title aos-init aos-animate\" data-aos=\"fade-up\" data-aos-duration=\"1500\"><span data-sheets-root=\"1\">Premium-ominaisuudet<\/span><\/div>\n<div data-aos=\"fade-up\" data-aos-duration=\"1500\"><\/div>\n<div class=\"pc\">\n<div class=\"w2-b2\">\n<div class=\"w2-b3 aos-init aos-animate\" data-aos=\"zoom-in\" data-aos-duration=\"1500\">\n<div class=\"w2-b4\">\n<div class=\"w2-b6\">Vapaan tiedonsiirron tila<\/div>\n<div class=\"w2-b7\"><span data-sheets-root=\"1\">2 viestint\u00e4vaihtoehtoa: Vaihtoehdot: CAN-viestint\u00e4 ja vapaa viestint\u00e4<\/span><\/div>\n<\/div>\n<\/div>\n<div class=\"w2-b3 aos-init aos-animate\" data-aos=\"zoom-in\" data-aos-duration=\"1500\">\n<div class=\"w2-b4\">\n<div class=\"w2-b5\"><\/div>\n<div class=\"w2-b6\"><span data-sheets-root=\"1\">64 Maksimi skaalautuvuus<\/span><\/div>\n<div class=\"w2-b7\"><span data-sheets-root=\"1\">Jopa 64 yksikk\u00f6\u00e4 rinnakkain, ei tarvita ylim\u00e4\u00e4r\u00e4isi\u00e4 tiedonsiirto-osia, vakiomallinen 19-tuumainen r\u00e4kkirakenne takaa maksimaalisen joustavuuden projektissa.<\/span><\/div>\n<\/div>\n<\/div>\n<div class=\"w2-b3 aos-init aos-animate\" data-aos=\"zoom-in\" data-aos-duration=\"1500\">\n<div class=\"w2-b4\">\n<div class=\"w2-b5\"><\/div>\n<div class=\"w2-b6\"><span data-sheets-root=\"1\">Lataus -10\u00b0C:ssa<\/span><\/div>\n<div class=\"w2-b7\"><span data-sheets-root=\"1\">Matalal\u00e4mp\u00f6tila-yst\u00e4v\u00e4llinen akkuteknologia, joka takaa optimaalisen latauksen\/purkauksen jopa talvella, jopa -10 \u00b0C:een asti.<\/span><\/div>\n<\/div>\n<\/div>\n<div class=\"w2-b3 aos-init aos-animate\" data-aos=\"zoom-in\" data-aos-duration=\"1500\">\n<div class=\"w2-b4\">\n<div class=\"w2-b5\"><\/div>\n<div class=\"w2-b6\"><span data-sheets-root=\"1\">Automaattinen asetus<\/span><\/div>\n<div class=\"w2-b7\"><span data-sheets-root=\"1\">Automaattinen asennus, ei tarvita sovellusta. Aloita j\u00e4rjestelm\u00e4n k\u00e4ytt\u00f6 muutamassa minuutissa nopealla asennuksella.<\/span><\/div>\n<\/div>\n<\/div>\n<div class=\"w2-b3 aos-init aos-animate\" data-aos=\"zoom-in\" data-aos-duration=\"1500\">\n<div class=\"w2-b4\">\n<div class=\"w2-b5\"><\/div>\n<div class=\"w2-b6\"><span data-sheets-root=\"1\">Esikaapeloitu kaappi<\/span><\/div>\n<div class=\"w2-b7\"><span data-sheets-root=\"1\">2 vaihtoehtoa: 6 ja 10 akkumoduulin valmiiksi kaapeloidut akkukaapit helppoa asennusta ja parempaa tilank\u00e4ytt\u00f6\u00e4 varten.<\/span><\/div>\n<\/div>\n<\/div>\n<div class=\"w2-b3 aos-init aos-animate\" data-aos=\"zoom-in\" data-aos-duration=\"1500\">\n<div class=\"w2-b4\">\n<div class=\"w2-b5\"><\/div>\n<div class=\"w2-b6\"><span data-sheets-root=\"1\">Ei viestint\u00e4keskusta<\/span><\/div>\n<div class=\"w2-b7\"><span data-sheets-root=\"1\">Rinnakkaisia yhteyksi\u00e4 varten ei tarvita ylim\u00e4\u00e4r\u00e4ist\u00e4 tiedonsiirtokeskusta. Kukin batteny voi olla master, joka hallitsee koko j\u00e4rjestelm\u00e4\u00e4.<\/span><\/div>\n<\/div>\n<\/div>\n<\/div>\n<\/div>\n<div class=\"w2-b5\"><a href=\"https:\/\/texus.fi\/wp-content\/uploads\/2024\/08\/bac0feca366915b50d1041ab55428da1.png\"><img fetchpriority=\"high\" decoding=\"async\" class=\"aligncenter size-full wp-image-961\" src=\"https:\/\/texus.fi\/wp-content\/uploads\/2024\/08\/bac0feca366915b50d1041ab55428da1.png\" alt=\"\" width=\"516\" height=\"293\" srcset=\"https:\/\/texus.fi\/wp-content\/uploads\/2024\/08\/bac0feca366915b50d1041ab55428da1.png 516w, https:\/\/texus.fi\/wp-content\/uploads\/2024\/08\/bac0feca366915b50d1041ab55428da1-300x170.png 300w\" sizes=\"(max-width: 516px) 100vw, 516px\" \/><\/a><\/div>\n<div class=\"pc\">\n<div class=\"w2-b2\">\n<div class=\"w2-b3 aos-init aos-animate\" data-aos=\"zoom-in\" data-aos-duration=\"1500\">\n<div class=\"w2-b4\">\n<div class=\"w2-b6\"><span data-sheets-root=\"1\">Integroitu ilmakytkin<\/span><\/div>\n<div class=\"w2-b7\"><span data-sheets-root=\"1\">Kehittynyt j\u00e4rjestelm\u00e4suojaus, joka takaa virtal\u00e4hteesi parhaan mahdollisen turvallisuuden.<\/span><\/div>\n<\/div>\n<\/div>\n<div class=\"w2-b3 aos-init aos-animate\" data-aos=\"zoom-in\" data-aos-duration=\"1500\">\n<div class=\"w2-b4\">\n<div class=\"w2-b5\"><\/div>\n<div class=\"w2-b6\"><span data-sheets-root=\"1\">Vaihdettavissa<\/span><\/div>\n<div class=\"w2-b7\"><span data-sheets-root=\"1\">Helppo huolto ilman j\u00e4rjestelm\u00e4n toiminnan keskeytymist\u00e4<\/span><\/div>\n<\/div>\n<\/div>\n<div class=\"w2-b3 aos-init aos-animate\" data-aos=\"zoom-in\" data-aos-duration=\"1500\">\n<div class=\"w2-b4\">\n<div class=\"w2-b5\"><\/div>\n<div class=\"w2-b6\"><span data-sheets-root=\"1\">Laskin ty\u00f6kalu<\/span><\/div>\n<div class=\"w2-b7\"><span data-sheets-root=\"1\">K\u00e4yt\u00e4 ainutlaatuista projektilaskuriamme vaivatonta mitoitusta ja saumatonta yhdist\u00e4mist\u00e4 inverttereiden kanssa.<\/span><\/div>\n<\/div>\n<\/div>\n<div class=\"w2-b3 aos-init aos-animate\" data-aos=\"zoom-in\" data-aos-duration=\"1500\">\n<div class=\"w2-b4\">\n<div class=\"w2-b5\"><\/div>\n<div class=\"w2-b6\"><span data-sheets-root=\"1\">Korkea C-aste<\/span><\/div>\n<div class=\"w2-b7\"><span data-sheets-root=\"1\">Teholuokkaa nostetaan valmiiksi johdotetulla tasavirtakiskolla. Maksimoi j\u00e4rjestelm\u00e4n teho, minimoi akun koko<\/span><\/div>\n<\/div>\n<\/div>\n<div class=\"w2-b3 aos-init aos-animate\" data-aos=\"zoom-in\" data-aos-duration=\"1500\">\n<div class=\"w2-b4\">\n<div class=\"w2-b5\"><\/div>\n<div class=\"w2-b6\"><span data-sheets-root=\"1\">10 vuoden takuu<\/span><\/div>\n<div class=\"w2-b7\"><span data-sheets-root=\"1\">10 vuoden 70 % suorituskyvyn takuu. Seisomme ratkaisujemme huippulaadun ja luotettavuuden takana.<\/span><\/div>\n<\/div>\n<\/div>\n<div class=\"w2-b3 aos-init aos-animate\" data-aos=\"zoom-in\" data-aos-duration=\"1500\">\n<div class=\"w2-b4\">\n<div class=\"w2-b5\"><\/div>\n<div class=\"w2-b6\"><span data-sheets-root=\"1\">Portaalin seuranta<\/span><\/div>\n<div class=\"w2-b7\"><span data-sheets-root=\"1\">Yksinkertaista energiavarastointihankkeiden seurantaa ja ohjausta henkil\u00f6kohtaisen verkkoportaalin avulla.<\/span><\/div>\n<\/div>\n<\/div>\n<\/div>\n<\/div>\n<\/div>\n<\/div>\n<\/div>\n<div class=\"w3\">\n<div class=\"w3-box w-height aos-init aos-animate\" data-aos=\"fade-in\" data-aos-duration=\"1500\">\n<div class=\"w3-bj\"><img decoding=\"async\" src=\"https:\/\/www.zyc.energy\/uploads\/image\/20231014\/4d00f7b4cda1d963fd31c72c367fbe73.jpg\" alt=\"\"><\/div>\n<div class=\"w3-b\">\n<div class=\"w-white w-title aos-init aos-animate\" data-aos=\"fade-up\" data-aos-duration=\"1500\"><span data-sheets-root=\"1\">64 Maksimi skaalautuvuus<\/span><\/div>\n<div class=\"w3-b2 aos-init aos-animate\" data-aos=\"fade-up\" data-aos-duration=\"1500\"><span data-sheets-root=\"1\">Jopa 64 yksikk\u00f6\u00e4 rinnakkain, ei tarvita ylim\u00e4\u00e4r\u00e4isi\u00e4 tiedonsiirto-osia, vakiomallinen 19-tuumainen r\u00e4kkirakenne takaa maksimaalisen joustavuuden projektissa.<\/span><\/div>\n<\/div>\n<div data-aos=\"fade-up\" data-aos-duration=\"1500\"><\/div>\n<\/div>\n<\/div>\n<div class=\"w4\">\n<div class=\"w4-box pagePadding\">\n<div class=\"w-main\">\n<div class=\"w4-b\">\n<div class=\"pc\">\n<div class=\"w4-b3\">\n<div class=\"w4-b4 aos-init aos-animate\" data-aos=\"fade-up\" data-aos-duration=\"1500\">\n<div class=\"w4-b11\">Tietolehdet:<\/div>\n<div class=\"w4-b11\"><a href=\"https:\/\/texus.fi\/wp-content\/uploads\/2024\/08\/SIMPO-5000-Datasheet.pdf\">SIMPO 5000-Datasheet<\/a><\/div>\n<div class=\"w4-b11\"><a href=\"https:\/\/texus.fi\/wp-content\/uploads\/2024\/08\/SIMPO5000i-Specification-0719.pdf\">SIMPO5000i Specification &#8211; 0719<\/a><\/div>\n<\/div>\n<\/div>\n<\/div>\n<\/div>\n<\/div>\n<\/div>\n<\/div>\n<\/div>\n","protected":false},"excerpt":{"rendered":"<div class=\"w1-b3 wow slideInUp\" data-wow-delay=\"0.5s\" data-wow-duration=\"2s\"><span data-sheets-root=\"1\">51.2V Akkuj\u00e4rjestelm\u00e4 I 5.12kWh<\/span><\/div>\n<div class=\"w1-b4 wow slideInUp\" data-wow-delay=\"1s\" data-wow-duration=\"2s\"><span data-sheets-root=\"1\">Jopa 64 yksikk\u00f6\u00e4 rinnakkain<\/span><\/div>\n<div class=\"w1-b4 wow slideInUp\" data-wow-delay=\"1s\" data-wow-duration=\"2s\"><span data-sheets-root=\"1\">Ihanteellinen varastointi erilaisiin vaikeisiin tilanteisiin<\/span><\/div>\n<div data-wow-delay=\"1s\" data-wow-duration=\"2s\">\n<div class=\"w2\">\n<div class=\"w2-box pagePadding aos-init aos-animate\" data-aos=\"fade-in\" data-aos-duration=\"1500\">\n<div class=\"w2-b\">\n<div class=\"w-white w-title aos-init aos-animate\" data-aos=\"fade-up\" data-aos-duration=\"1500\"><span data-sheets-root=\"1\">Premium-ominaisuudet<\/span><\/div>\n<\/div>\n<\/div>\n<\/div>\n<\/div>\n","protected":false},"featured_media":960,"comment_status":"open","ping_status":"closed","template":"","meta":[],"product_brand":[],"product_cat":[35,15],"product_tag":[],"class_list":{"0":"post-956","1":"product","2":"type-product","3":"status-publish","4":"has-post-thumbnail","6":"product_cat-ess-ratkaisut","7":"product_cat-products","8":"pa_brands-zyc","10":"first","11":"outofstock","12":"taxable","13":"shipping-taxable","14":"product-type-simple"},"_links":{"self":[{"href":"https:\/\/texus.fi\/fi\/wp-json\/wp\/v2\/product\/956","targetHints":{"allow":["GET"]}}],"collection":[{"href":"https:\/\/texus.fi\/fi\/wp-json\/wp\/v2\/product"}],"about":[{"href":"https:\/\/texus.fi\/fi\/wp-json\/wp\/v2\/types\/product"}],"replies":[{"embeddable":true,"href":"https:\/\/texus.fi\/fi\/wp-json\/wp\/v2\/comments?post=956"}],"wp:featuredmedia":[{"embeddable":true,"href":"https:\/\/texus.fi\/fi\/wp-json\/wp\/v2\/media\/960"}],"wp:attachment":[{"href":"https:\/\/texus.fi\/fi\/wp-json\/wp\/v2\/media?parent=956"}],"wp:term":[{"taxonomy":"product_brand","embeddable":true,"href":"https:\/\/texus.fi\/fi\/wp-json\/wp\/v2\/product_brand?post=956"},{"taxonomy":"product_cat","embeddable":true,"href":"https:\/\/texus.fi\/fi\/wp-json\/wp\/v2\/product_cat?post=956"},{"taxonomy":"product_tag","embeddable":true,"href":"https:\/\/texus.fi\/fi\/wp-json\/wp\/v2\/product_tag?post=956"}],"curies":[{"name":"wp","href":"https:\/\/api.w.org\/{rel}","templated":true}]}}