{"id":980,"date":"2024-08-13T10:35:20","date_gmt":"2024-08-13T07:35:20","guid":{"rendered":"https:\/\/texus.fi\/?post_type=product&#038;p=980"},"modified":"2025-03-05T14:20:08","modified_gmt":"2025-03-05T11:20:08","slug":"zyc-simpo-pro","status":"publish","type":"product","link":"https:\/\/texus.fi\/fi\/zyc-simpo-pro\/","title":{"rendered":"ZYC &#8211; SIMPO Pro"},"content":{"rendered":"<div class=\"w1-b3 wow slideInUp animated\" data-wow-delay=\"0.5s\" data-wow-duration=\"2s\">244.8~1306.8V I 46.1kWh ~ 172.7kWh<\/div>\n<div class=\"tip wow slideInUp animated\" data-wow-delay=\"1s\" data-wow-duration=\"2s\"><span data-sheets-root=\"1\">Helppo ja tehokas C&amp;l-ratkaisu<\/span><\/div>\n<div class=\"w1-b4 wow slideInUp animated\" data-wow-delay=\"1s\" data-wow-duration=\"2s\"><strong><span data-sheets-root=\"1\">&#8211; 2 vaihtoehtoa, Slim ja Energy<\/span><\/strong> tarjoavat helpon ja tehokkaan ratkaisun.<br \/>\n<strong><span data-sheets-root=\"1\">&#8211; 1C Suuritehoinen<\/span><\/strong> ulostulo parantaa projektiasi<br \/>\n<strong><span data-sheets-root=\"1\">&#8211; Sis\u00e4inen BMS-kehitys <\/span><\/strong>takaa optimaalisen sopivuuden kaikkiin sovelluksiin.<\/div>\n<div class=\"w1-b4 wow slideInUp animated\" data-wow-delay=\"1s\" data-wow-duration=\"2s\"><strong><span data-sheets-root=\"1\">&#8211; Avoin yhteensopivuus<\/span><\/strong> huipputason vaihtosuuntaajien kanssa mahdollistaa ONE FIT ALL -integraation.<\/div>\n<div class=\"w1-b4 wow slideInUp animated\" data-wow-delay=\"1s\" data-wow-duration=\"2s\"><strong>&#8211; <span data-sheets-root=\"1\">Automaattinen k\u00e4ytt\u00f6\u00f6notto <\/span><\/strong>yksinkertaistaa prosessia yhdell\u00e4 napsautuksella.<\/div>\n<div class=\"w1-b4 wow slideInUp animated\" data-wow-delay=\"1s\" data-wow-duration=\"2s\"><span data-sheets-root=\"1\"><strong>&#8211; Black Start -toiminto<\/strong> s\u00e4hk\u00f6verkon ulkopuolella tapahtuvaa virransy\u00f6tt\u00f6\u00e4 koskevassa skenaariossa<\/span><\/div>\n","protected":false},"excerpt":{"rendered":"<p>244.8~1306.8V I 46.1kWh ~ 172.7kWh Helppo ja tehokas C&amp;l-ratkaisu &#8211; 2 vaihtoehtoa, Slim ja Energy tarjoavat helpon ja tehokkaan ratkaisun. &#8211; 1C Suuritehoinen ulostulo parantaa projektiasi &#8211; Sis\u00e4inen BMS-kehitys takaa optimaalisen sopivuuden kaikkiin sovelluksiin. &#8211; Avoin yhteensopivuus huipputason vaihtosuuntaajien kanssa mahdollistaa ONE FIT ALL -integraation. &#8211; Automaattinen k\u00e4ytt\u00f6\u00f6notto yksinkertaistaa prosessia yhdell\u00e4 napsautuksella. &#8211; Black Start [&hellip;]<\/p>\n","protected":false},"featured_media":3289,"comment_status":"open","ping_status":"closed","template":"","meta":[],"product_brand":[],"product_cat":[35,15],"product_tag":[],"class_list":{"0":"post-980","1":"product","2":"type-product","3":"status-publish","4":"has-post-thumbnail","6":"product_cat-ess-ratkaisut","7":"product_cat-products","8":"pa_brands-zyc","10":"first","11":"outofstock","12":"taxable","13":"shipping-taxable","14":"product-type-simple"},"_links":{"self":[{"href":"https:\/\/texus.fi\/fi\/wp-json\/wp\/v2\/product\/980","targetHints":{"allow":["GET"]}}],"collection":[{"href":"https:\/\/texus.fi\/fi\/wp-json\/wp\/v2\/product"}],"about":[{"href":"https:\/\/texus.fi\/fi\/wp-json\/wp\/v2\/types\/product"}],"replies":[{"embeddable":true,"href":"https:\/\/texus.fi\/fi\/wp-json\/wp\/v2\/comments?post=980"}],"wp:featuredmedia":[{"embeddable":true,"href":"https:\/\/texus.fi\/fi\/wp-json\/wp\/v2\/media\/3289"}],"wp:attachment":[{"href":"https:\/\/texus.fi\/fi\/wp-json\/wp\/v2\/media?parent=980"}],"wp:term":[{"taxonomy":"product_brand","embeddable":true,"href":"https:\/\/texus.fi\/fi\/wp-json\/wp\/v2\/product_brand?post=980"},{"taxonomy":"product_cat","embeddable":true,"href":"https:\/\/texus.fi\/fi\/wp-json\/wp\/v2\/product_cat?post=980"},{"taxonomy":"product_tag","embeddable":true,"href":"https:\/\/texus.fi\/fi\/wp-json\/wp\/v2\/product_tag?post=980"}],"curies":[{"name":"wp","href":"https:\/\/api.w.org\/{rel}","templated":true}]}}